{"id":2057,"date":"2020-02-11T15:16:50","date_gmt":"2020-02-11T14:16:50","guid":{"rendered":"https:\/\/n3zonesgroup.no\/renholdssoner\/?page_id=2057"},"modified":"2023-03-07T11:44:50","modified_gmt":"2023-03-07T10:44:50","slug":"naaf","status":"publish","type":"page","link":"https:\/\/n3.no\/renholdssoner\/naaf\/","title":{"rendered":"NAAF"},"content":{"rendered":"<p>[vc_row el_class=&raquo;container topp&raquo;][vc_column][vc_column_text]<\/p>\n<h2 style=\"text-align: center;\">Norges Astma- og Allergiforbund\u00a0videreutvikler og styrker samarbeidet med N3!<\/h2>\n<p>[\/vc_column_text][vc_column_text]<\/p>\n<p style=\"text-align: center;\">NAAF har v\u00e6rt og er en sentral partner i utviklingen av Renholdssoner. Dette har medf\u00f8rt at fra 1. januar 2020 \u00f8nsker NAAF \u00e5 sette sitt kvalitetsstempel \u00abUtviklet i samarbeid med NAAF\u00bb p\u00e5 Renholdssoner systemet.<\/p>\n<p>[\/vc_column_text][vc_single_image image=&raquo;2084&#8243; img_size=&raquo;medium&raquo; alignment=&raquo;center&raquo;][\/vc_column][\/vc_row][vc_row el_class=&raquo;container topp&raquo;][vc_column][vc_column_text el_class=&raquo;smallcontainer&raquo;]<strong>Anbefalt for f\u00f8rste gang i 2008<\/strong><\/p>\n<p>Renholdssonersystemet ble anbefalt av NAAF for f\u00f8rste gang i 2008, og etter det har tusenvis av barnehager, skoler og helsebygg i hele Norge f\u00e5tt et bedre inneklima. Effekten ved bruk av Renholdssoner systemet er meget godt dokumentert gjennom de siste 15 \u00e5rene.<\/p>\n<p>&nbsp;<\/p>\n<p><strong>Kontinuerlig utvikling<\/strong><\/p>\n<p>For alle som har valgt Renholdssoner s\u00e5 er dette en bekreftelse p\u00e5 at dere har valgt et trygt og gjennompr\u00f8vd system som er under kontinuerlig utvikling. Innovasjon st\u00e5r sentralt i v\u00e5r bedrift og vi arbeider kontinuerlig for bedre produkter og digitale l\u00f8sninger. Les ogs\u00e5 om hvordan du gjennom <a href=\"https:\/\/n3zonesgroup.no\/renholdssoner\/n3smart\/\">ny IoT sensorteknologi<\/a> kan f\u00e5 full oversikt!<\/p>\n<p>&nbsp;<\/p>\n<p><strong>Vi bygger kompentanse<\/strong><\/p>\n<p>For oss i N3 s\u00e5 er vi\u00a0 sv\u00e6rt forn\u00f8yd med det tette samarbeidet med NAAF, og at vi i felleskap bygger kompetanse p\u00e5 inneklima. NAAF stiller sine fagfolk til r\u00e5dighet, og sammen arbeider vi for kontinuerlig utvikling for kundene og milj\u00f8ets beste. Test gjerne v\u00e5r <a href=\"https:\/\/n3zonesgroup.no\/renholdssoner\/forside\/kalkulator\/\">milj\u00f8kalkulator<\/a> som beregner din klima og milj\u00f8gevinst.<\/p>\n<h3>Les mer p\u00e5 <a href=\"https:\/\/www.naaf.no\/inneklima\/n\u00e6ringslivssamarbeid-for-bedre-inneklima\">naaf.no<\/a><\/h3>\n<p>&nbsp;<\/p>\n<h3>For mer informasjon kontakt:<\/h3>\n<p>Dag Hognerud<\/p>\n<p>CEO i N3<\/p>\n<p><strong>T<\/strong> 98 28 61 51<\/p>\n<p><strong>epost<\/strong> <a href=\"mailto:dh@n3.no\">dh@n3.no<\/a><\/p>\n<p>&nbsp;<\/p>\n<p>Ansvarlig for samarbeidet hos NAAF, Hogne Skogesal: <strong>T<\/strong> 93 63 20 95 &#8211; <strong>epost<\/strong> <a href=\"mailto:Hogne.Skogesal@naaf.no\">Hogne.Skogesal@naaf.no<\/a>[\/vc_column_text][vc_empty_space height=&raquo;50px&raquo;][\/vc_column][\/vc_row][vc_row el_class=&raquo;form&raquo; el_id=&raquo;meld-interesse&raquo;][vc_column][vc_row_inner el_class=&raquo;container&raquo;][vc_column_inner]\n<div class=\"wpcf7 no-js\" id=\"wpcf7-f178-o1\" lang=\"nb-NO\" dir=\"ltr\">\n<div class=\"screen-reader-response\"><p role=\"status\" aria-live=\"polite\" aria-atomic=\"true\"><\/p> <ul><\/ul><\/div>\n<form action=\"\/renholdssoner\/wp-json\/wp\/v2\/pages\/2057#wpcf7-f178-o1\" method=\"post\" class=\"wpcf7-form init\" aria-label=\"Kontaktskjema\" novalidate=\"novalidate\" data-status=\"init\">\n<div style=\"display: none;\">\n<input type=\"hidden\" name=\"_wpcf7\" value=\"178\" \/>\n<input type=\"hidden\" name=\"_wpcf7_version\" value=\"5.8\" \/>\n<input type=\"hidden\" name=\"_wpcf7_locale\" value=\"nb_NO\" \/>\n<input type=\"hidden\" name=\"_wpcf7_unit_tag\" value=\"wpcf7-f178-o1\" \/>\n<input type=\"hidden\" name=\"_wpcf7_container_post\" value=\"0\" \/>\n<input type=\"hidden\" name=\"_wpcf7_posted_data_hash\" value=\"\" \/>\n<input type=\"hidden\" name=\"_wpcf7_recaptcha_response\" value=\"\" \/>\n<\/div>\n<h2>Kontakt oss\n<\/h2>\n<div class=\"row\">\n\t<div class=\"col-md-6  form-group\">\n\t\t<p><span class=\"wpcf7-form-control-wrap\" data-name=\"navn\"><input size=\"40\" class=\"wpcf7-form-control wpcf7-text wpcf7-validates-as-required\" aria-required=\"true\" aria-invalid=\"false\" placeholder=\"Navn*\" value=\"\" type=\"text\" name=\"navn\" \/><\/span>\n\t\t<\/p>\n\t<\/div>\n\t<div class=\"col-md-6 form-group\">\n\t\t<p><span class=\"wpcf7-form-control-wrap\" data-name=\"telefon\"><input size=\"40\" class=\"wpcf7-form-control wpcf7-text wpcf7-validates-as-required\" aria-required=\"true\" aria-invalid=\"false\" placeholder=\"Telefon*\" value=\"\" type=\"text\" name=\"telefon\" \/><\/span>\n\t\t<\/p>\n\t<\/div>\n\t<div class=\"col-md-6  form-group\">\n\t\t<p><span class=\"wpcf7-form-control-wrap\" data-name=\"epost\"><input size=\"40\" class=\"wpcf7-form-control wpcf7-email wpcf7-validates-as-required wpcf7-text wpcf7-validates-as-email\" aria-required=\"true\" aria-invalid=\"false\" placeholder=\"E-post*\" value=\"\" type=\"email\" name=\"epost\" \/><\/span>\n\t\t<\/p>\n\t<\/div>\n\t<div class=\"col-md-6 form-group\">\n\t\t<p><span class=\"wpcf7-form-control-wrap\" data-name=\"Firma\"><input size=\"40\" class=\"wpcf7-form-control wpcf7-text wpcf7-validates-as-required\" aria-required=\"true\" aria-invalid=\"false\" placeholder=\"Firma*\" value=\"\" type=\"text\" name=\"Firma\" \/><\/span>\n\t\t<\/p>\n\t<\/div>\n\t<div class=\"col-md-12 form-group\">\n\t\t<p><span class=\"wpcf7-form-control-wrap\" data-name=\"melding\"><textarea cols=\"40\" rows=\"10\" class=\"wpcf7-form-control wpcf7-textarea\" aria-invalid=\"false\" placeholder=\"Hva kan vi hjelpe deg med?*\" name=\"melding\"><\/textarea><\/span>\n\t\t<\/p>\n\t<\/div>\n\t<div class=\"col-md-10 form-group\">\n\t\t<p><span class=\"wpcf7-form-control-wrap\" data-name=\"nyhetsbrev\"><span class=\"wpcf7-form-control wpcf7-checkbox\"><span class=\"wpcf7-list-item first last\"><input type=\"checkbox\" name=\"nyhetsbrev[]\" value=\"Jeg \u00f8nsker \u00e5 motta nyhetsbrev fra N3.\" \/><span class=\"wpcf7-list-item-label\">Jeg \u00f8nsker \u00e5 motta nyhetsbrev fra N3.<\/span><\/span><\/span><\/span>\n\t\t<\/p>\n\t<\/div>\n\t<div class=\"col-md-2 form-group\">\n\t\t<p><button class=\"button\" type=\"submit\">Send inn <\/button>\n\t\t<\/p>\n\t<\/div>\n<\/div><div class=\"wpcf7-response-output\" aria-hidden=\"true\"><\/div>\n<\/form>\n<\/div>\n[\/vc_column_inner][\/vc_row_inner][\/vc_column][\/vc_row]<\/p>\n","protected":false},"excerpt":{"rendered":"<p>[vc_row el_class=&raquo;container topp&raquo;][vc_column][vc_column_text] Norges Astma- og Allergiforbund\u00a0videreutvikler og styrker samarbeidet med N3! [\/vc_column_text][vc_column_text] NAAF har v\u00e6rt og er en sentral partner i [&hellip;]<\/p>\n","protected":false},"author":4,"featured_media":1209,"parent":0,"menu_order":3,"comment_status":"closed","ping_status":"closed","template":"kampanjemal.php","meta":{"_crosspost_to_1":false,"_crosspost_to_15":false,"footnotes":""},"class_list":["post-2057","page","type-page","status-publish","hentry"],"acf":[],"_links":{"self":[{"href":"https:\/\/n3.no\/renholdssoner\/wp-json\/wp\/v2\/pages\/2057","targetHints":{"allow":["GET"]}}],"collection":[{"href":"https:\/\/n3.no\/renholdssoner\/wp-json\/wp\/v2\/pages"}],"about":[{"href":"https:\/\/n3.no\/renholdssoner\/wp-json\/wp\/v2\/types\/page"}],"author":[{"embeddable":true,"href":"https:\/\/n3.no\/renholdssoner\/wp-json\/wp\/v2\/users\/4"}],"replies":[{"embeddable":true,"href":"https:\/\/n3.no\/renholdssoner\/wp-json\/wp\/v2\/comments?post=2057"}],"version-history":[{"count":0,"href":"https:\/\/n3.no\/renholdssoner\/wp-json\/wp\/v2\/pages\/2057\/revisions"}],"wp:featuredmedia":[{"embeddable":true,"href":"https:\/\/n3.no\/renholdssoner\/wp-json\/wp\/v2\/media\/1209"}],"wp:attachment":[{"href":"https:\/\/n3.no\/renholdssoner\/wp-json\/wp\/v2\/media?parent=2057"}],"curies":[{"name":"wp","href":"https:\/\/api.w.org\/{rel}","templated":true}]}}