{"id":214,"date":"2017-04-20T13:47:19","date_gmt":"2017-04-20T11:47:19","guid":{"rendered":"http:\/\/168920-www.web.tornado-node.net\/stopzones\/hva-gjor-vi\/"},"modified":"2022-02-15T11:25:17","modified_gmt":"2022-02-15T10:25:17","slug":"hva-gjor-vi","status":"publish","type":"page","link":"https:\/\/n3.no\/renholdssoner\/hva-gjor-vi\/","title":{"rendered":"Hva gj\u00f8r vi"},"content":{"rendered":"<p>[vc_row][vc_column][rev_slider_vc alias=&raquo;hva-gjor-vi&raquo;][\/vc_column][\/vc_row][vc_row el_class=&raquo;smallcontainer&raquo;][vc_column][vc_column_text el_class=&raquo;knapp&raquo;]<\/p>\n<h1 style=\"text-align: center;\">Hva gj\u00f8r vi<\/h1>\n<h4>N3 jobber hver dag dedikert med \u00e5 forhindre at smuss og fuktighet kommer inn i bygget til kundene v\u00e5re. Vi har ulike l\u00f8sninger til forskjellige behov, men felles for dem alle er at de er effektive, kostnadsbesparende og skreddersydd.<\/h4>\n<h3>Prosessen<\/h3>\n<h4>Siden alle entreer i et bygg er forskjellige, er det viktig med en l\u00f8sning som er tilpasset nettopp ditt bygg. Det f\u00f8rste vi gj\u00f8r er \u00e5 avdekke behovet, slik at vi kan tilby en l\u00f8sning som oppfyller dine krav og forventninger.<\/h4>\n<h4>Renholdssoner brukes i dag i tusenvis av innganger over hele Norge. Ta kontakt for en kostnadsfri befaring!<\/h4>\n<p>&nbsp;<\/p>\n<p><a href=\"\/renholdssoner\/hva-gjor-vi\/#befaring\">Ta kontakt<\/a>[\/vc_column_text][vc_video link=&raquo;https:\/\/vimeo.com\/246996308&#8243;][\/vc_column][\/vc_row][vc_row disable_element=&raquo;yes&raquo; el_class=&raquo;grey double-row&raquo;][vc_column el_class=&raquo;container&raquo;][vc_column_text]<\/p>\n<h2 style=\"text-align: center;\">V\u00e5re produkter og tjenester<\/h2>\n<p>[\/vc_column_text][vc_row_inner el_class=&raquo;container&raquo;][vc_column_inner width=&raquo;1\/3&#8243;][vc_column_text]<\/p>\n<ul>\n<li>\n<h4><a href=\"\/renholdssoner\/hva-gjor-vi\/behovsanalyse\/\">M\u00f8te og behovsanalyse<\/a><\/h4>\n<\/li>\n<li>\n<h4><a href=\"\/renholdssoner\/hva-gjor-vi\/befaring\/\">Befaring og utarbeidelse av entrel\u00f8sning<\/a><\/h4>\n<\/li>\n<\/ul>\n<p>[\/vc_column_text][\/vc_column_inner][vc_column_inner width=&raquo;1\/3&#8243;][vc_column_text]<\/p>\n<ul>\n<li>\n<h4><a href=\"\/renholdssoner\/hva-gjor-vi\/entrelosninger\/\">Entrel\u00f8sningen Renholdssoner<\/a><\/h4>\n<\/li>\n<li>\n<h4><a href=\"\/renholdssoner\/hva-gjor-vi\/skisser-og-tilbud\/\">Digitale skisser og tilbud<\/a><\/h4>\n<\/li>\n<li>\n<h4><a href=\"\/renholdssoner\/hva-gjor-vi\/installasjon\/\">Prosjektering, koordinering og installasjon<\/a><\/h4>\n<\/li>\n<\/ul>\n<p>[\/vc_column_text][\/vc_column_inner][vc_column_inner width=&raquo;1\/3&#8243;][vc_column_text]<\/p>\n<ul>\n<li>\n<h4><a href=\"\/renholdssoner\/hva-gjor-vi\/opplaering\/\">Oppl\u00e6ring<\/a><\/h4>\n<\/li>\n<li>\n<h4><a href=\"\/renholdssoner\/hva-gjor-vi\/radgivning\/\">R\u00e5dgivning<\/a><\/h4>\n<\/li>\n<li>\n<h4><a href=\"\/renholdssoner\/hva-gjor-vi\/oppfolging-og-kundeservice\/\">Oppf\u00f8lging og kundeservice<\/a><\/h4>\n<\/li>\n<\/ul>\n<p>[\/vc_column_text][\/vc_column_inner][\/vc_row_inner][vc_column_text el_id=&raquo;tilbud&raquo; el_class=&raquo;anker&raquo;]Anker[\/vc_column_text][\/vc_column][\/vc_row][vc_row el_class=&raquo;grey double-row&raquo;][vc_column el_class=&raquo;container&raquo;][vc_column_text]<\/p>\n<h2 style=\"text-align: center;\">V\u00e5re produkter og tjenester<\/h2>\n<p>[\/vc_column_text][vc_row_inner el_class=&raquo;container&raquo;][vc_column_inner width=&raquo;1\/3&#8243;][vc_column_text]<\/p>\n<ul>\n<li>\n<h4><a href=\"\/renholdssoner\/hva-gjor-vi\/entrelosninger\/\">Renholdssoner systemet<\/a><\/h4>\n<\/li>\n<li>\n<h4><a href=\"https:\/\/n3home.wpengine.com\/n3smart\/\">N3smart<\/a><\/h4>\n<\/li>\n<li>\n<h4><a href=\"https:\/\/n3zonesgroup.no\/renholdssoner\/n3branding\/\">N3branding<\/a><\/h4>\n<\/li>\n<li>\n<h4><a href=\"\/renholdssoner\/hva-gjor-vi\/behovsanalyse\/\">M\u00f8te og behovsanalyse<\/a><\/h4>\n<\/li>\n<\/ul>\n<p>[\/vc_column_text][\/vc_column_inner][vc_column_inner width=&raquo;1\/3&#8243;][vc_column_text]<\/p>\n<ul>\n<li>\n<h4><a href=\"\/renholdssoner\/hva-gjor-vi\/befaring\/\">Befaring og utarbeidelse av entrel\u00f8sning<\/a><\/h4>\n<\/li>\n<\/ul>\n<ul>\n<li>\n<h4><a href=\"\/renholdssoner\/hva-gjor-vi\/skisser-og-tilbud\/\">Digitale skisser og tilbud<\/a><\/h4>\n<\/li>\n<li>\n<h4><a href=\"\/renholdssoner\/hva-gjor-vi\/installasjon\/\">Prosjektering, koordinering og installasjon<\/a><\/h4>\n<\/li>\n<\/ul>\n<p>[\/vc_column_text][\/vc_column_inner][vc_column_inner width=&raquo;1\/3&#8243;][vc_column_text]<\/p>\n<ul>\n<li>\n<h4><a href=\"\/renholdssoner\/hva-gjor-vi\/opplaering\/\">Oppl\u00e6ring<\/a><\/h4>\n<\/li>\n<li>\n<h4><a href=\"\/renholdssoner\/hva-gjor-vi\/radgivning\/\">R\u00e5dgivning<\/a><\/h4>\n<\/li>\n<li>\n<h4><a href=\"\/renholdssoner\/hva-gjor-vi\/oppfolging-og-kundeservice\/\">Oppf\u00f8lging og kundeservice<\/a><\/h4>\n<\/li>\n<li>\n<h4><a href=\"https:\/\/n3zonesgroup.no\/renholdssoner\/hva-gjor-vi\/webinar\/\">Webinar<\/a><\/h4>\n<\/li>\n<\/ul>\n<p>[\/vc_column_text][\/vc_column_inner][\/vc_row_inner][vc_column_text el_class=&raquo;anker&raquo;]Anker[\/vc_column_text][\/vc_column][\/vc_row][vc_row css=&raquo;.vc_custom_1590568779474{padding-bottom: 70px !important;background-image: url(https:\/\/n3zonesgroup.no\/renholdssoner\/wp-content\/uploads\/sites\/5\/2017\/05\/Skole_2.jpg?id=961) !important;background-position: center !important;background-repeat: no-repeat !important;background-size: cover !important;}&raquo; el_id=&raquo;befaring&raquo;][vc_column][vc_row_inner el_class=&raquo;container form bildeskjema&raquo;][vc_column_inner]\n<div class=\"wpcf7 no-js\" id=\"wpcf7-f178-o1\" lang=\"nb-NO\" dir=\"ltr\">\n<div class=\"screen-reader-response\"><p role=\"status\" aria-live=\"polite\" aria-atomic=\"true\"><\/p> <ul><\/ul><\/div>\n<form action=\"\/renholdssoner\/wp-json\/wp\/v2\/pages\/214#wpcf7-f178-o1\" method=\"post\" class=\"wpcf7-form init\" aria-label=\"Kontaktskjema\" novalidate=\"novalidate\" data-status=\"init\">\n<div style=\"display: none;\">\n<input type=\"hidden\" name=\"_wpcf7\" value=\"178\" \/>\n<input type=\"hidden\" name=\"_wpcf7_version\" value=\"5.8\" \/>\n<input type=\"hidden\" name=\"_wpcf7_locale\" value=\"nb_NO\" \/>\n<input type=\"hidden\" name=\"_wpcf7_unit_tag\" value=\"wpcf7-f178-o1\" \/>\n<input type=\"hidden\" name=\"_wpcf7_container_post\" value=\"0\" \/>\n<input type=\"hidden\" name=\"_wpcf7_posted_data_hash\" value=\"\" \/>\n<input type=\"hidden\" name=\"_wpcf7_recaptcha_response\" value=\"\" \/>\n<\/div>\n<h2>Kontakt oss\n<\/h2>\n<div class=\"row\">\n\t<div class=\"col-md-6  form-group\">\n\t\t<p><span class=\"wpcf7-form-control-wrap\" data-name=\"navn\"><input size=\"40\" class=\"wpcf7-form-control wpcf7-text wpcf7-validates-as-required\" aria-required=\"true\" aria-invalid=\"false\" placeholder=\"Navn*\" value=\"\" type=\"text\" name=\"navn\" \/><\/span>\n\t\t<\/p>\n\t<\/div>\n\t<div class=\"col-md-6 form-group\">\n\t\t<p><span class=\"wpcf7-form-control-wrap\" data-name=\"telefon\"><input size=\"40\" class=\"wpcf7-form-control wpcf7-text wpcf7-validates-as-required\" aria-required=\"true\" aria-invalid=\"false\" placeholder=\"Telefon*\" value=\"\" type=\"text\" name=\"telefon\" \/><\/span>\n\t\t<\/p>\n\t<\/div>\n\t<div class=\"col-md-6  form-group\">\n\t\t<p><span class=\"wpcf7-form-control-wrap\" data-name=\"epost\"><input size=\"40\" class=\"wpcf7-form-control wpcf7-email wpcf7-validates-as-required wpcf7-text wpcf7-validates-as-email\" aria-required=\"true\" aria-invalid=\"false\" placeholder=\"E-post*\" value=\"\" type=\"email\" name=\"epost\" \/><\/span>\n\t\t<\/p>\n\t<\/div>\n\t<div class=\"col-md-6 form-group\">\n\t\t<p><span class=\"wpcf7-form-control-wrap\" data-name=\"Firma\"><input size=\"40\" class=\"wpcf7-form-control wpcf7-text wpcf7-validates-as-required\" aria-required=\"true\" aria-invalid=\"false\" placeholder=\"Firma*\" value=\"\" type=\"text\" name=\"Firma\" \/><\/span>\n\t\t<\/p>\n\t<\/div>\n\t<div class=\"col-md-12 form-group\">\n\t\t<p><span class=\"wpcf7-form-control-wrap\" data-name=\"melding\"><textarea cols=\"40\" rows=\"10\" class=\"wpcf7-form-control wpcf7-textarea\" aria-invalid=\"false\" placeholder=\"Hva kan vi hjelpe deg med?*\" name=\"melding\"><\/textarea><\/span>\n\t\t<\/p>\n\t<\/div>\n\t<div class=\"col-md-10 form-group\">\n\t\t<p><span class=\"wpcf7-form-control-wrap\" data-name=\"nyhetsbrev\"><span class=\"wpcf7-form-control wpcf7-checkbox\"><span class=\"wpcf7-list-item first last\"><input type=\"checkbox\" name=\"nyhetsbrev[]\" value=\"Jeg \u00f8nsker \u00e5 motta nyhetsbrev fra N3.\" \/><span class=\"wpcf7-list-item-label\">Jeg \u00f8nsker \u00e5 motta nyhetsbrev fra N3.<\/span><\/span><\/span><\/span>\n\t\t<\/p>\n\t<\/div>\n\t<div class=\"col-md-2 form-group\">\n\t\t<p><button class=\"button\" type=\"submit\">Send inn <\/button>\n\t\t<\/p>\n\t<\/div>\n<\/div><div class=\"wpcf7-response-output\" aria-hidden=\"true\"><\/div>\n<\/form>\n<\/div>\n[\/vc_column_inner][\/vc_row_inner][\/vc_column][\/vc_row]<\/p>\n","protected":false},"excerpt":{"rendered":"<p>[vc_row][vc_column][rev_slider_vc alias=&raquo;hva-gjor-vi&raquo;][\/vc_column][\/vc_row][vc_row el_class=&raquo;smallcontainer&raquo;][vc_column][vc_column_text el_class=&raquo;knapp&raquo;] Hva gj\u00f8r vi N3 jobber hver dag dedikert med \u00e5 forhindre at smuss og fuktighet kommer inn i [&hellip;]<\/p>\n","protected":false},"author":1,"featured_media":0,"parent":0,"menu_order":11,"comment_status":"closed","ping_status":"closed","template":"","meta":{"_crosspost_to_1":false,"_crosspost_to_15":false,"footnotes":""},"class_list":["post-214","page","type-page","status-publish","hentry"],"acf":[],"_links":{"self":[{"href":"https:\/\/n3.no\/renholdssoner\/wp-json\/wp\/v2\/pages\/214","targetHints":{"allow":["GET"]}}],"collection":[{"href":"https:\/\/n3.no\/renholdssoner\/wp-json\/wp\/v2\/pages"}],"about":[{"href":"https:\/\/n3.no\/renholdssoner\/wp-json\/wp\/v2\/types\/page"}],"author":[{"embeddable":true,"href":"https:\/\/n3.no\/renholdssoner\/wp-json\/wp\/v2\/users\/1"}],"replies":[{"embeddable":true,"href":"https:\/\/n3.no\/renholdssoner\/wp-json\/wp\/v2\/comments?post=214"}],"version-history":[{"count":0,"href":"https:\/\/n3.no\/renholdssoner\/wp-json\/wp\/v2\/pages\/214\/revisions"}],"wp:attachment":[{"href":"https:\/\/n3.no\/renholdssoner\/wp-json\/wp\/v2\/media?parent=214"}],"curies":[{"name":"wp","href":"https:\/\/api.w.org\/{rel}","templated":true}]}}