{"id":215,"date":"2017-04-20T13:47:19","date_gmt":"2017-04-20T11:47:19","guid":{"rendered":"http:\/\/168920-www.web.tornado-node.net\/stopzones\/hvem-er-vi\/"},"modified":"2025-09-24T11:05:28","modified_gmt":"2025-09-24T09:05:28","slug":"hvem-er-vi","status":"publish","type":"page","link":"https:\/\/n3.no\/renholdssoner\/hvem-er-vi\/","title":{"rendered":"Hvem er vi"},"content":{"rendered":"<p>[vc_row][vc_column][rev_slider_vc alias=&raquo;hvem-er-vi&raquo;][\/vc_column][\/vc_row][vc_row el_class=&raquo;smallcontainer&raquo;][vc_column][vc_column_text]<\/p>\n<h1 style=\"text-align: center;\">Hvem er vi<\/h1>\n<h4>N3 har lang erfaring og er markedsledende innen b\u00e6rekraftige entrel\u00f8sninger for inngangspartier og entreer i Norge og Sverige. Vi har utviklet og eier varemerkene Renholdssoner, N3zones og N3smart, og og har gjennomf\u00f8rt mer enn 29 000 installasjoner med ett eneste m\u00e5l for \u00f8ye: \u00e5 stoppe mest mulig smuss og fuktighet! Det internasjonale varemerke N3zones ble lansert i Sverige i oktober 2014.<\/h4>\n<h3>Innovative l\u00f8sninger<\/h3>\n<p>N3s l\u00f8sninger best\u00e5r av flere enkeltelementer som til sammen gir kunden en helhetlig l\u00f8sning som er fleksible i bruk, enkle \u00e5 vedlikeholde og holder det den lover, dag etter dag, i all slags v\u00e6r.<\/p>\n<h3>Verdidrevet kultur<\/h3>\n<p>N3 har en kultur bygget p\u00e5 sterke verdier og et \u00f8nske om \u00e5 gj\u00f8re verden til et bedre sted ved \u00e5 v\u00e6re en leverand\u00f8r som tar milj\u00f8 og klima p\u00e5 alvor. Vi er ogs\u00e5 medlem av Initiativ for etisk handel. Denne holdningen til v\u00e5r egen virksomhet er en viktig motivator og rettesnor for alle v\u00e5re ansatte, som med rette f\u00f8ler stolthet over og lojalitet til arbeidsplassen sin.[\/vc_column_text][\/vc_column][\/vc_row][vc_row el_class=&raquo;countup&raquo;][vc_column][vc_row_inner content_placement=&raquo;middle&raquo; el_class=&raquo;container&raquo;][vc_column_inner width=&raquo;1\/4&#8243;][\/vc_column_inner][vc_column_inner width=&raquo;1\/4&#8243;][vc_column_text css_animation=&raquo;fadeIn&raquo;]<\/p>\n<div class=\"count-wrapper\">\n<p>&nbsp;<\/p>\n<p style=\"text-align: center;\"><span class=\"count-heading\">Installasjoner<\/span><\/p>\n<h3 class=\"count-number\" style=\"text-align: center;\">31005<\/h3>\n<\/div>\n<p>[\/vc_column_text][vc_column_text][\/vc_column_text][\/vc_column_inner][vc_column_inner width=&raquo;1\/4&#8243;][vc_column_text css_animation=&raquo;fadeIn&raquo;]<\/p>\n<div class=\"count-wrapper\">\n<p>&nbsp;<\/p>\n<p style=\"text-align: center;\"><span class=\"count-heading\">Etablert<\/span><\/p>\n<h3 class=\"count-number\" style=\"text-align: center;\">1995<\/h3>\n<\/div>\n<p>[\/vc_column_text][vc_column_text][\/vc_column_text][\/vc_column_inner][vc_column_inner width=&raquo;1\/4&#8243;][\/vc_column_inner][\/vc_row_inner][\/vc_column][\/vc_row][vc_row el_class=&raquo;grey double-row&raquo;][vc_column el_class=&raquo;container&raquo;][vc_row_inner el_class=&raquo;smallcontainer&raquo;][vc_column_inner][vc_column_text el_id=&raquo;historie&raquo; el_class=&raquo;anker&raquo;][\/vc_column_text][vc_column_text]<\/p>\n<h2 style=\"text-align: center;\">V\u00e5r historie<\/h2>\n<h4>De to gr\u00fcnderne, Dag Hognerud og Henrik Foss, etablerte Milj\u00f8fornyelse AS i 1995. Forretningsideen var den gang som n\u00e5 \u00e5 utvikle nye metoder for \u00e5 hindre smuss og fuktighet fra \u00e5 komme inn i bygg. I 2006 lanserte gr\u00fcnderne varemerket Renholdssoner i Norge, og i dag er vi markedsledende med mer enn 29 000 installasjoner i Norge og Sverige.<\/h4>\n<p>[\/vc_column_text][vc_empty_space][vc_empty_space][vc_column_text el_class=&raquo;knapp&raquo;]<\/p>\n<h6>Karriere hos oss?<\/h6>\n<p>N3 er et selskap som bygger v\u00e5r egen kultur og felles fremtid basert p\u00e5 gode holdninger og verdier. Kvalitet, service og profesjonalitet er egenskaper vi holder h\u00f8yt hos alle medarbeidere, og vi skal skille oss fra v\u00e5re konkurrenter ved \u00e5 gi \u00abdet lille ekstra\u00bb.<\/p>\n<p><a href=\"\/karriere\/\" target=\"_blank\" rel=\"noopener noreferrer\">Les mer<\/a>[\/vc_column_text][\/vc_column_inner][\/vc_row_inner][\/vc_column][\/vc_row][vc_row el_class=&raquo;double-row&raquo;][vc_column el_class=&raquo;container&raquo;][vc_row_inner el_class=&raquo;smallcontainer&raquo;][vc_column_inner][vc_column_text el_id=&raquo;miljo-og-klima&raquo; el_class=&raquo;anker&raquo;][\/vc_column_text][vc_column_text css=&raquo;.vc_custom_1608217758853{padding-bottom: 30px !important;}&raquo;]<\/p>\n<h2 style=\"text-align: center;\">Milj\u00f8bevisste og kliman\u00f8ytrale<\/h2>\n<h4>N3 jobber kontinuerlig med \u00e5 redusere klima- og milj\u00f8belastningen og vi har en klimahandlingsplan som gir detaljert oversikt over tiltakene som gj\u00f8res.<\/h4>\n<p>[\/vc_column_text][\/vc_column_inner][\/vc_row_inner][vc_row_inner el_class=&raquo;smallcontainer&raquo;][vc_column_inner width=&raquo;1\/2&#8243;][vc_column_text]Virksomheten v\u00e5r er kliman\u00f8ytral, og vi har gjennom m\u00e5lrettet arbeid eliminert mange belastende og forurensende ledd gjennom hele leveransekjeden til kunden. Vi er ogs\u00e5 med p\u00e5 prosjektet Plant a Billion Trees, der vi planter ett tre for hver entr\u00e9 vi jobber med, og har s\u00e5 langt plantet en hel skog med mer enn 29 000 tr\u00e6r.<\/p>\n<p>&nbsp;<\/p>\n<p><a href=\"https:\/\/n3home.wpengine.com\/renholdssoner\/wp-content\/uploads\/sites\/5\/2021\/03\/2022-N3-Klimaregnskap.pdf\">Klimaregnskap<\/a><br \/>\n<a href=\"https:\/\/n3.no\/renholdssoner\/wp-content\/uploads\/sites\/5\/2021\/03\/Klimasertifikat-N3-2023.pdf\">Klimasertifikat<\/a><br \/>\n<a href=\"https:\/\/n3.no\/renholdssoner\/wp-content\/uploads\/sites\/5\/2021\/04\/Klimarapport-N3.pdf\">Klima- og milj\u00f8rapport<\/a><br \/>\n<a href=\"https:\/\/n3home.wpengine.com\/renholdssoner\/wp-content\/uploads\/sites\/5\/2021\/03\/Miljofyrtarnsertifikat_-2024-2027.pdf\">Milj\u00f8fyrt\u00e5rnsertifikat<\/a><br \/>\n<a href=\"https:\/\/n3home.wpengine.com\/renholdssoner\/wp-content\/uploads\/sites\/5\/2021\/03\/N3-Norge-AS-ISO-14001-Sertifikat-gyldig-til-23.03.2027.pdf\">ISO sertifikat<\/a><br \/>\n<a href=\"https:\/\/n3home.wpengine.com\/renholdssoner\/wp-content\/uploads\/sites\/5\/2021\/03\/Medlemsbevis-2024.pdf\">Medlemsbevis Gr\u00f8nt Punkt<\/a><br \/>\n<a href=\"https:\/\/n3home.wpengine.com\/renholdssoner\/wp-content\/uploads\/sites\/5\/2021\/03\/Solar-power-project-in-India-\u2013-Gold-Standard-Certified.pdf\" target=\"_blank\" rel=\"noopener noreferrer\">V\u00e5rt klimaprosjekt<\/a><br \/>\n<a href=\"http:\/\/www.plantabillion.org\/\" target=\"_blank\" rel=\"noopener noreferrer\">Plant a Billion trees<\/a><br \/>\n<a href=\"\/renholdssoner\/forside\/kalkulator\/\">Klima- og milj\u00f8kalkulator<br \/>\n<\/a>[\/vc_column_text][\/vc_column_inner][vc_column_inner width=&raquo;1\/2&#8243;][vc_single_image image=&raquo;450&#8243; img_size=&raquo;full&raquo; alignment=&raquo;center&raquo;][\/vc_column_inner][\/vc_row_inner][vc_row_inner el_class=&raquo;smallcontainer&raquo;][vc_column_inner][vc_single_image image=&raquo;952&#8243; img_size=&raquo;full&raquo; css=&raquo;.vc_custom_1494464782034{padding-top: 50px !important;}&raquo;][\/vc_column_inner][\/vc_row_inner][\/vc_column][\/vc_row][vc_row el_class=&raquo;grey double-row avdelinger&raquo;][vc_column][vc_row_inner el_class=&raquo;smallcontainer&raquo;][vc_column_inner width=&raquo;1\/2&#8243;][vc_column_text el_class=&raquo;knapp&raquo;]<\/p>\n<h6 style=\"text-align: center;\">V\u00e5re avdelinger<\/h6>\n<p>&nbsp;<\/p>\n<p style=\"text-align: center;\"><a href=\"\/renholdssoner\/hvem-er-vi\/vare-avdelinger\/\">Les mer<\/a><\/p>\n<p>[\/vc_column_text][\/vc_column_inner][vc_column_inner width=&raquo;1\/2&#8243;][vc_column_text el_class=&raquo;knapp&raquo;]<\/p>\n<h6 style=\"text-align: center;\">V\u00e5r ledelse<\/h6>\n<p>&nbsp;<\/p>\n<p style=\"text-align: center;\"><a href=\"\/renholdssoner\/hvem-er-vi\/var-ledelse\/\">Les mer<\/a><\/p>\n<p>[\/vc_column_text][\/vc_column_inner][\/vc_row_inner][\/vc_column][\/vc_row][vc_row el_class=&raquo;double-row&raquo;][vc_column el_class=&raquo;container&raquo;][vc_row_inner el_class=&raquo;smallcontainer&raquo;][vc_column_inner][vc_column_text el_id=&raquo;samfunnsansvar&raquo; el_class=&raquo;anker&raquo;][\/vc_column_text][vc_column_text css=&raquo;.vc_custom_1608217794021{padding-bottom: 30px !important;}&raquo;]<\/p>\n<h2 style=\"text-align: center;\">Tar samfunnsansvar<\/h2>\n<h4>N3 skal i alle ledd f\u00f8re en ansvarlig, etisk og sunn forretningsdrift. Vi skal stille strenge krav til oss selv og hvordan vi p\u00e5virker milj\u00f8et og samfunnet for \u00f8vrig.<\/h4>\n<p>[\/vc_column_text][\/vc_column_inner][\/vc_row_inner][vc_row_inner el_class=&raquo;smallcontainer&raquo;][vc_column_inner width=&raquo;1\/2&#8243;][vc_single_image image=&raquo;474&#8243; img_size=&raquo;full&raquo; alignment=&raquo;center&raquo;][\/vc_column_inner][vc_column_inner width=&raquo;1\/2&#8243;][vc_column_text]Denne holdningen bygger p\u00e5 erkjennelsen av n\u00e6ringslivets grunnleggende forpliktelse til \u00e5 drive sin virksomhet p\u00e5 en b\u00e6rekraftig m\u00e5te og med respekt for mennesker og milj\u00f8. N3 skal ogs\u00e5 bidra til en b\u00e6rekraftig utvikling gjennom mer milj\u00f8vennlige produkter, effektiv ressursbruk, forbedringsarbeid i leverand\u00f8rkjeden og generelt ansvarsfull drift.[\/vc_column_text][vc_single_image image=&raquo;3263&#8243; img_size=&raquo;medium&raquo; css=&raquo;.vc_custom_1681297023562{padding-top: 25px !important;}&raquo;][\/vc_column_inner][\/vc_row_inner][\/vc_column][\/vc_row]<\/p>\n","protected":false},"excerpt":{"rendered":"<p>[vc_row][vc_column][rev_slider_vc alias=&raquo;hvem-er-vi&raquo;][\/vc_column][\/vc_row][vc_row el_class=&raquo;smallcontainer&raquo;][vc_column][vc_column_text] Hvem er vi N3 har lang erfaring og er markedsledende innen b\u00e6rekraftige entrel\u00f8sninger for inngangspartier og entreer i Norge [&hellip;]<\/p>\n","protected":false},"author":1,"featured_media":0,"parent":0,"menu_order":12,"comment_status":"closed","ping_status":"closed","template":"","meta":{"_crosspost_to_1":false,"_crosspost_to_15":false,"footnotes":""},"class_list":["post-215","page","type-page","status-publish","hentry"],"acf":[],"_links":{"self":[{"href":"https:\/\/n3.no\/renholdssoner\/wp-json\/wp\/v2\/pages\/215","targetHints":{"allow":["GET"]}}],"collection":[{"href":"https:\/\/n3.no\/renholdssoner\/wp-json\/wp\/v2\/pages"}],"about":[{"href":"https:\/\/n3.no\/renholdssoner\/wp-json\/wp\/v2\/types\/page"}],"author":[{"embeddable":true,"href":"https:\/\/n3.no\/renholdssoner\/wp-json\/wp\/v2\/users\/1"}],"replies":[{"embeddable":true,"href":"https:\/\/n3.no\/renholdssoner\/wp-json\/wp\/v2\/comments?post=215"}],"version-history":[{"count":0,"href":"https:\/\/n3.no\/renholdssoner\/wp-json\/wp\/v2\/pages\/215\/revisions"}],"wp:attachment":[{"href":"https:\/\/n3.no\/renholdssoner\/wp-json\/wp\/v2\/media?parent=215"}],"curies":[{"name":"wp","href":"https:\/\/api.w.org\/{rel}","templated":true}]}}