{"id":232,"date":"2017-04-24T12:16:44","date_gmt":"2017-04-24T10:16:44","guid":{"rendered":"http:\/\/168920-www.web.tornado-node.net\/stopzones\/hva-gjor-vi\/behovsanalyse\/"},"modified":"2020-05-27T11:19:50","modified_gmt":"2020-05-27T09:19:50","slug":"behovsanalyse","status":"publish","type":"page","link":"https:\/\/n3.no\/renholdssoner\/hva-gjor-vi\/behovsanalyse\/","title":{"rendered":"Behovsanalyse"},"content":{"rendered":"<p>[vc_row el_class=&raquo;smallcontainer&raquo;][vc_column][vc_column_text el_class=&raquo;smallcontainer knapp&raquo;]<\/p>\n<h1 style=\"text-align: center;\">M\u00f8te og behovsanalyse<\/h1>\n<h4>N\u00e5r vi skal gi et tilbud p\u00e5 Renholdssoner begynner vi alltid med \u00e5 foreta en behovsanalyse. P\u00e5 den m\u00e5ten f\u00e5r vi innhentet mest mulig informasjon p\u00e5 forh\u00e5nd, slik at vi er sikre p\u00e5 at vi kan tilby den beste l\u00f8sningen for ditt bygg.<\/h4>\n<h4>Vi har lokale r\u00e5dgivere over hele landet som kan utf\u00f8re en kostnadsfri behovsanalyse og utvikle en l\u00f8sning tilpasset ditt behov.<\/h4>\n<h3><\/h3>\n<p>[\/vc_column_text][vc_empty_space height=&raquo;80&#8243;][\/vc_column][\/vc_row][vc_row css=&raquo;.vc_custom_1590571173250{padding-bottom: 70px !important;background-image: url(https:\/\/n3zonesgroup.no\/renholdssoner\/wp-content\/uploads\/sites\/5\/2017\/05\/Skole_2.jpg?id=961) !important;background-position: center !important;background-repeat: no-repeat !important;background-size: cover !important;}&raquo;][vc_column][vc_row_inner el_class=&raquo;container form bildeskjema&raquo;][vc_column_inner]\n<div class=\"wpcf7 no-js\" id=\"wpcf7-f404-o1\" lang=\"nb-NO\" dir=\"ltr\">\n<div class=\"screen-reader-response\"><p role=\"status\" aria-live=\"polite\" aria-atomic=\"true\"><\/p> <ul><\/ul><\/div>\n<form action=\"\/renholdssoner\/wp-json\/wp\/v2\/pages\/232#wpcf7-f404-o1\" method=\"post\" class=\"wpcf7-form init\" aria-label=\"Kontaktskjema\" novalidate=\"novalidate\" data-status=\"init\">\n<div style=\"display: none;\">\n<input type=\"hidden\" name=\"_wpcf7\" value=\"404\" \/>\n<input type=\"hidden\" name=\"_wpcf7_version\" value=\"5.8\" \/>\n<input type=\"hidden\" name=\"_wpcf7_locale\" value=\"nb_NO\" \/>\n<input type=\"hidden\" name=\"_wpcf7_unit_tag\" value=\"wpcf7-f404-o1\" \/>\n<input type=\"hidden\" name=\"_wpcf7_container_post\" value=\"0\" \/>\n<input type=\"hidden\" name=\"_wpcf7_posted_data_hash\" value=\"\" \/>\n<input type=\"hidden\" name=\"_wpcf7_recaptcha_response\" value=\"\" \/>\n<\/div>\n<h2>Jeg \u00f8nsker kostnadsfri befaring!\n<\/h2>\n<h4>Fyll ut skjemaet og vi tar raskt kontakt med deg\n<\/h4>\n<div class=\"row\">\n\t<div class=\"col-md-6  form-group\">\n\t\t<p><span class=\"wpcf7-form-control-wrap\" data-name=\"navn\"><input size=\"40\" class=\"wpcf7-form-control wpcf7-text wpcf7-validates-as-required\" aria-required=\"true\" aria-invalid=\"false\" placeholder=\"Navn*\" value=\"\" type=\"text\" name=\"navn\" \/><\/span>\n\t\t<\/p>\n\t<\/div>\n\t<div class=\"col-md-6 form-group\">\n\t\t<p><span class=\"wpcf7-form-control-wrap\" data-name=\"firma\"><input size=\"40\" class=\"wpcf7-form-control wpcf7-text wpcf7-validates-as-required\" aria-required=\"true\" aria-invalid=\"false\" placeholder=\"Firma*\" value=\"\" type=\"text\" name=\"firma\" \/><\/span>\n\t\t<\/p>\n\t<\/div>\n\t<div class=\"col-md-6  form-group\">\n\t\t<p><span class=\"wpcf7-form-control-wrap\" data-name=\"epost\"><input size=\"40\" class=\"wpcf7-form-control wpcf7-email wpcf7-validates-as-required wpcf7-text wpcf7-validates-as-email\" aria-required=\"true\" aria-invalid=\"false\" placeholder=\"E-post*\" value=\"\" type=\"email\" name=\"epost\" \/><\/span>\n\t\t<\/p>\n\t<\/div>\n\t<div class=\"col-md-6 form-group\">\n\t\t<p><span class=\"wpcf7-form-control-wrap\" data-name=\"telefon\"><input size=\"40\" class=\"wpcf7-form-control wpcf7-text wpcf7-validates-as-required\" aria-required=\"true\" aria-invalid=\"false\" placeholder=\"Telefon*\" value=\"\" type=\"text\" name=\"telefon\" \/><\/span>\n\t\t<\/p>\n\t<\/div>\n\t<p><button class=\"button\" type=\"submit\">Send inn <\/button>\n\t<\/p>\n<\/div><div class=\"wpcf7-response-output\" aria-hidden=\"true\"><\/div>\n<\/form>\n<\/div>\n[\/vc_column_inner][\/vc_row_inner][\/vc_column][\/vc_row]<\/p>\n","protected":false},"excerpt":{"rendered":"<p>[vc_row el_class=&raquo;smallcontainer&raquo;][vc_column][vc_column_text el_class=&raquo;smallcontainer knapp&raquo;] M\u00f8te og behovsanalyse N\u00e5r vi skal gi et tilbud p\u00e5 Renholdssoner begynner vi alltid med \u00e5 foreta en [&hellip;]<\/p>\n","protected":false},"author":1,"featured_media":0,"parent":214,"menu_order":3,"comment_status":"closed","ping_status":"closed","template":"ingen-header.php","meta":{"_crosspost_to_1":false,"_crosspost_to_15":false,"footnotes":""},"class_list":["post-232","page","type-page","status-publish","hentry"],"acf":[],"_links":{"self":[{"href":"https:\/\/n3.no\/renholdssoner\/wp-json\/wp\/v2\/pages\/232","targetHints":{"allow":["GET"]}}],"collection":[{"href":"https:\/\/n3.no\/renholdssoner\/wp-json\/wp\/v2\/pages"}],"about":[{"href":"https:\/\/n3.no\/renholdssoner\/wp-json\/wp\/v2\/types\/page"}],"author":[{"embeddable":true,"href":"https:\/\/n3.no\/renholdssoner\/wp-json\/wp\/v2\/users\/1"}],"replies":[{"embeddable":true,"href":"https:\/\/n3.no\/renholdssoner\/wp-json\/wp\/v2\/comments?post=232"}],"version-history":[{"count":0,"href":"https:\/\/n3.no\/renholdssoner\/wp-json\/wp\/v2\/pages\/232\/revisions"}],"up":[{"embeddable":true,"href":"https:\/\/n3.no\/renholdssoner\/wp-json\/wp\/v2\/pages\/214"}],"wp:attachment":[{"href":"https:\/\/n3.no\/renholdssoner\/wp-json\/wp\/v2\/media?parent=232"}],"curies":[{"name":"wp","href":"https:\/\/api.w.org\/{rel}","templated":true}]}}