{"id":233,"date":"2017-04-24T12:16:44","date_gmt":"2017-04-24T10:16:44","guid":{"rendered":"http:\/\/168920-www.web.tornado-node.net\/stopzones\/hva-gjor-vi\/befaring\/"},"modified":"2020-12-17T16:03:12","modified_gmt":"2020-12-17T15:03:12","slug":"befaring","status":"publish","type":"page","link":"https:\/\/n3.no\/renholdssoner\/hva-gjor-vi\/befaring\/","title":{"rendered":"Befaring"},"content":{"rendered":"<p>[vc_row el_class=&raquo;smallcontainer&raquo;][vc_column][vc_column_text]<\/p>\n<h1 style=\"text-align: center;\">Befaring og l\u00f8sning<\/h1>\n<h4>N\u00e5r behovsanalysen er klar, avtaler vi et m\u00f8te med deg for \u00e5 avdekke ytterligere behov og se n\u00e6rmere p\u00e5 hva du har \u00e5 vinne p\u00e5 \u00e5 installere Renholdssoner.<\/h4>\n<p>Vi benytter oss av unike verkt\u00f8y og dokumentasjon som er utviklet i samarbeid med kommuner og andre brukere i Norge, og kan dokumentere b\u00e5de kostnadsreduksjoner og \u00f8kt effektivitet. Samtidig utf\u00f8rer vi en befaring etter avtale med deg. Vi bruker god tid og all v\u00e5r kompetanse for \u00e5 utforme den optimale l\u00f8sningen for hvert enkelt sted. Renholdssoner skal oppfylle kravene til Norges Astma- og Allergiforbund (NAAF).<\/p>\n<p>Vi har en befaringssjekkliste som vi g\u00e5r gjennom og fyller ut etter hvert, og vi utarbeider en digital skisse over l\u00f8sningen vi foresl\u00e5r. Skissen er en del av tilbudet og er \u00e5 anse som N3 Norge AS eiendom inntil tilbudet aksepteres.[\/vc_column_text][\/vc_column][\/vc_row][vc_row css=&raquo;.vc_custom_1591353315077{padding-bottom: 70px !important;background-image: url(https:\/\/n3zonesgroup.no\/renholdssoner\/wp-content\/uploads\/sites\/5\/2017\/05\/Skole_2.jpg?id=961) !important;background-position: center !important;background-repeat: no-repeat !important;background-size: cover !important;}&raquo;][vc_column][vc_row_inner][vc_column_inner][\/vc_column_inner][\/vc_row_inner][\/vc_column][\/vc_row]<\/p>\n","protected":false},"excerpt":{"rendered":"<p>[vc_row el_class=&raquo;smallcontainer&raquo;][vc_column][vc_column_text] Befaring og l\u00f8sning N\u00e5r behovsanalysen er klar, avtaler vi et m\u00f8te med deg for \u00e5 avdekke ytterligere behov og se [&hellip;]<\/p>\n","protected":false},"author":1,"featured_media":0,"parent":214,"menu_order":4,"comment_status":"closed","ping_status":"closed","template":"ingen-header.php","meta":{"_crosspost_to_1":false,"_crosspost_to_15":false,"footnotes":""},"class_list":["post-233","page","type-page","status-publish","hentry"],"acf":[],"_links":{"self":[{"href":"https:\/\/n3.no\/renholdssoner\/wp-json\/wp\/v2\/pages\/233","targetHints":{"allow":["GET"]}}],"collection":[{"href":"https:\/\/n3.no\/renholdssoner\/wp-json\/wp\/v2\/pages"}],"about":[{"href":"https:\/\/n3.no\/renholdssoner\/wp-json\/wp\/v2\/types\/page"}],"author":[{"embeddable":true,"href":"https:\/\/n3.no\/renholdssoner\/wp-json\/wp\/v2\/users\/1"}],"replies":[{"embeddable":true,"href":"https:\/\/n3.no\/renholdssoner\/wp-json\/wp\/v2\/comments?post=233"}],"version-history":[{"count":0,"href":"https:\/\/n3.no\/renholdssoner\/wp-json\/wp\/v2\/pages\/233\/revisions"}],"up":[{"embeddable":true,"href":"https:\/\/n3.no\/renholdssoner\/wp-json\/wp\/v2\/pages\/214"}],"wp:attachment":[{"href":"https:\/\/n3.no\/renholdssoner\/wp-json\/wp\/v2\/media?parent=233"}],"curies":[{"name":"wp","href":"https:\/\/api.w.org\/{rel}","templated":true}]}}