{"id":2531,"date":"2021-04-28T09:49:55","date_gmt":"2021-04-28T07:49:55","guid":{"rendered":"https:\/\/n3home.wpengine.com\/renholdssoner\/?page_id=2531"},"modified":"2021-06-18T12:30:29","modified_gmt":"2021-06-18T10:30:29","slug":"n3smart_barnehage","status":"publish","type":"page","link":"https:\/\/n3.no\/renholdssoner\/n3smart_barnehage\/","title":{"rendered":"N3Smart barnehage"},"content":{"rendered":"<p>[vc_row el_class=&raquo;smallcontainer&raquo; css=&raquo;.vc_custom_1619677952961{padding-top: 50px !important;}&raquo;][vc_column][vc_column_text]<\/p>\n<h3>Vi har gjort det usynlige, synlig<\/h3>\n<p>90 % av dagen innend\u00f8rs er vi omgitt av store mengder usynlig svevest\u00f8v. Et d\u00e5rlig inneklima med mye st\u00f8v p\u00e5virker pusten og kan f\u00f8re til store helseplager. Vi ser allerede at 20-25% av barn og unge utvikler astma, allergi og luftveisplager. Med v\u00e5rt system har det aldri v\u00e6rt enklere \u00e5 ta kontroll p\u00e5 eget inneklima.[\/vc_column_text][\/vc_column][\/vc_row][vc_row content_placement=&raquo;middle&raquo; el_class=&raquo;grey&raquo; css=&raquo;.vc_custom_1620129389195{padding-top: 75px !important;}&raquo;][vc_column offset=&raquo;vc_hidden-xs&raquo;][vc_row_inner content_placement=&raquo;middle&raquo; el_class=&raquo;container&raquo;][vc_column_inner width=&raquo;5\/12&#8243;][vc_column_text el_class=&raquo;gronnknapp&raquo;]<\/p>\n<h6>Overlegen oversikt<\/h6>\n<h2>Verdien ligger i data som gir mening!<\/h2>\n<p>N3Smart IoT system er en sikker og norskprodusert l\u00f8sning utviklet i samarbeid med Norges Astma- og Allergiforbund for \u00e5 gj\u00f8re barnehager smartere og mer egnet til \u00e5 takle dagens helseutfordringer og dokumentasjonskrav. Ved \u00e5 samle og gj\u00f8re all data tilknyttet inneklima og renhold enkelt tilgjengelig, skaper vi en mer effektiv og trygg drift av barnehager og renholdet. Gevinsten er friskere barn og voksne, og mer tid til barna. Ubetalelig.<\/p>\n<p><a class=\"booking-button\" style=\"margin-top: 30px\" href=\"#\">Book demo<\/a>[\/vc_column_text][\/vc_column_inner][vc_column_inner width=&raquo;7\/12&#8243;][vc_single_image image=&raquo;2775&#8243; img_size=&raquo;full&raquo;][\/vc_column_inner][\/vc_row_inner][\/vc_column][\/vc_row][vc_row el_class=&raquo;grey&raquo; css=&raquo;.vc_custom_1617000709973{padding-top: 75px !important;}&raquo;][vc_column offset=&raquo;vc_hidden-lg vc_hidden-md vc_hidden-sm&raquo;][vc_row_inner el_class=&raquo;container&raquo;][vc_column_inner width=&raquo;1\/2&#8243;][vc_single_image image=&raquo;2745&#8243; img_size=&raquo;full&raquo;][\/vc_column_inner][vc_column_inner width=&raquo;1\/2&#8243;][vc_column_text el_class=&raquo;gronnknapp&raquo;]<\/p>\n<h6>Overlegen oversikt<\/h6>\n<h2>Verdien ligger i data som gir mening!<\/h2>\n<p>N3Smart IoT system er en sikker og norskprodusert l\u00f8sning utviklet i samarbeid med Norges Astma- og Allergiforbund for \u00e5 gj\u00f8re barnehager smartere og mer egnet til \u00e5 takle dagens helseutfordringer og dokumentasjonskrav. Ved \u00e5 samle og gj\u00f8re all data tilknyttet inneklima og renhold enkelt tilgjengelig, skaper vi en mer effektiv og trygg drift av barnehager og renholdet. Gevinsten er friskere barn og voksne, og mer tid til barna. Ubetalelig.<\/p>\n<p><a class=\"booking-button\" style=\"margin-top: 30px\" href=\"#\">Book demo<\/a>[\/vc_column_text][\/vc_column_inner][\/vc_row_inner][\/vc_column][\/vc_row][vc_row el_class=&raquo;green USP&raquo; css=&raquo;.vc_custom_1620128086341{padding-top: 100px !important;padding-bottom: 100px !important;background-color: #ffffff !important;}&raquo;][vc_column css=&raquo;.vc_custom_1620128066346{background-color: #ffffff !important;}&raquo;][vc_row_inner el_class=&raquo;container&raquo;][vc_column_inner width=&raquo;1\/3&#8243;][vc_single_image image=&raquo;2747&#8243; img_size=&raquo;120&#215;120&#8243; alignment=&raquo;center&raquo;][vc_column_text]<\/p>\n<h3 style=\"text-align: center\">Bedre helse<\/h3>\n<p style=\"text-align: center\">Et godt inneklima gir friske barn og voksne, samt reduserer faren for sykdommer og andre helseplager.<\/p>\n<p>[\/vc_column_text][\/vc_column_inner][vc_column_inner width=&raquo;1\/3&#8243;][vc_single_image image=&raquo;2751&#8243; img_size=&raquo;120&#215;120&#8243; alignment=&raquo;center&raquo;][vc_column_text]<\/p>\n<h3 style=\"text-align: center\">\u00d8konomi<\/h3>\n<p style=\"text-align: center\">Gjennom temperaturkontroll, redusert sykefrav\u00e6r og tilpasset rengj\u00f8ring kan vi redusere kostnadene og f\u00e5 en mer energieffektiv barnehage!<\/p>\n<p>[\/vc_column_text][\/vc_column_inner][vc_column_inner width=&raquo;1\/3&#8243;][vc_single_image image=&raquo;2748&#8243; img_size=&raquo;120&#215;120&#8243; alignment=&raquo;center&raquo;][vc_column_text]<\/p>\n<h3 style=\"text-align: center\">Dokumentasjon<\/h3>\n<p style=\"text-align: center\">Gjennom v\u00e5rt system f\u00e5r du enklere tilgang til oversiktlig dokumentasjon og derfor mer tid til barna.<\/p>\n<p>[\/vc_column_text][\/vc_column_inner][\/vc_row_inner][vc_row_inner el_class=&raquo;container&raquo;][vc_column_inner width=&raquo;1\/6&#8243;][\/vc_column_inner][vc_column_inner width=&raquo;1\/3&#8243;][vc_single_image image=&raquo;2749&#8243; img_size=&raquo;120&#215;120&#8243; alignment=&raquo;center&raquo;][vc_column_text]<\/p>\n<h3 style=\"text-align: center\">Samfunnsansvar<\/h3>\n<p style=\"text-align: center\">N3 er kliman\u00f8ytrale, medlem i Gr\u00f8nt Punkt og fyrt\u00e5rnsertifisert. Vi tar stolthet i \u00e5 drive v\u00e5r virksomhet med gode grunnleggende etiske verdier i bunn.<\/p>\n<p>[\/vc_column_text][\/vc_column_inner][vc_column_inner width=&raquo;1\/3&#8243;][vc_single_image image=&raquo;2750&#8243; img_size=&raquo;120&#215;120&#8243; alignment=&raquo;center&raquo;][vc_column_text]<\/p>\n<h3 style=\"text-align: center\">Datasikkerhet<\/h3>\n<p style=\"text-align: center\">V\u00e5r l\u00f8sning lagrer data sikkert, samtidig som vi ivaretar personvern etter EPD. Alle sensorer er ogs\u00e5 tilknyttet et separat nettverk og ikke barnehagen sitt eget.<\/p>\n<p>[\/vc_column_text][\/vc_column_inner][vc_column_inner width=&raquo;1\/6&#8243;][\/vc_column_inner][\/vc_row_inner][\/vc_column][\/vc_row][vc_row el_class=&raquo;grey klimamal&raquo; css=&raquo;.vc_custom_1619678717306{padding-top: 100px !important;padding-bottom: 100px !important;}&raquo;][vc_column][vc_row_inner el_class=&raquo;container&raquo;][vc_column_inner][vc_video link=&raquo;https:\/\/vimeo.com\/538655773&#8243;][vc_column_text css=&raquo;.vc_custom_1620129936956{margin-bottom: 50px !important;}&raquo;]<a class=\"booking-button\" href=\"#\">Book demo<\/a>[\/vc_column_text][\/vc_column_inner][\/vc_row_inner][\/vc_column][\/vc_row][vc_row css=&raquo;.vc_custom_1617007870111{padding-top: 75px !important;}&raquo;][vc_column][vc_row_inner el_class=&raquo;smallcontainer&raquo;][vc_column_inner css=&raquo;.vc_custom_1617000745187{margin-bottom: 0px !important;}&raquo;][vc_column_text css=&raquo;.vc_custom_1620735558358{margin-bottom: 0px !important;}&raquo;]<\/p>\n<h2>Verdt \u00e5 vite<\/h2>\n<p>Er du p\u00e5 jakt etter mer informasjon? Vi har skrevet en rekke artikler om ulike temaer relatert til renhold, IoT, drift og dokumentasjon. \u00d8nsker du \u00e5 forst\u00e5 enda bedre hva inneklima er, har v\u00e5r samarbeidspartner Norges Astma- og Allergiforbund laget flere filmer rundt tema som du kan se p\u00e5 ved \u00e5 klikke <a href=\"https:\/\/www.naaf.no\/fokusomrader\/inneklima\/skolerBarnehager\/film-poster-og-sjekklister\/filmer-om-inneklima-i-barnehagen\/\">her<\/a>.[\/vc_column_text][\/vc_column_inner][\/vc_row_inner][vc_row_inner el_class=&raquo;container&raquo;][vc_column_inner][vc_basic_grid post_type=&raquo;ids&raquo; gap=&raquo;0&#8243; grid_id=&raquo;vc_gid:1623747934111-58df23bd-3632-3&#8243; include=&raquo;2692, 2680, 2705&#8243;][\/vc_column_inner][\/vc_row_inner][vc_row_inner el_class=&raquo;container&raquo;][vc_column_inner][vc_column_text css=&raquo;.vc_custom_1617007861847{margin-bottom: 0px !important;}&raquo;]<\/p>\n<p style=\"text-align: center\">Utviklet i samarbeid med<\/p>\n<p>[\/vc_column_text][vc_single_image image=&raquo;2550&#8243; img_size=&raquo;medium&raquo; alignment=&raquo;center&raquo;][\/vc_column_inner][\/vc_row_inner][\/vc_column][\/vc_row][vc_row el_class=&raquo;grey klimamal&raquo; css=&raquo;.vc_custom_1619678717306{padding-top: 100px !important;padding-bottom: 100px !important;}&raquo;][vc_column][vc_row_inner el_class=&raquo;container&raquo;][vc_column_inner][vc_column_text css=&raquo;.vc_custom_1623747980135{margin-bottom: 50px !important;}&raquo;]<\/p>\n<h2>Velg b\u00e6rekraftige l\u00f8sninger!<\/h2>\n<p>[\/vc_column_text][\/vc_column_inner][\/vc_row_inner][vc_row_inner el_class=&raquo;container&raquo;][vc_column_inner width=&raquo;1\/4&#8243;][vc_single_image image=&raquo;2601&#8243; img_size=&raquo;medium&raquo; css=&raquo;.vc_custom_1619678507294{margin-bottom: 30px !important;}&raquo;][vc_column_text]<\/p>\n<h3>God helse og velv\u00e6re<\/h3>\n<p>Med N3 sine l\u00f8sninger forbedres luftkvaliteten innend\u00f8rs.[\/vc_column_text][\/vc_column_inner][vc_column_inner width=&raquo;1\/4&#8243;][vc_single_image image=&raquo;2600&#8243; img_size=&raquo;medium&raquo; css=&raquo;.vc_custom_1619678527893{margin-bottom: 30px !important;}&raquo;][vc_column_text]<\/p>\n<h3>Industri, innovasjon og infrastruktur<\/h3>\n<p>Med Renholdssoner i inngangspartiet reduseres CO2-utslipp knyttet til renhold fordi renholdssonene rengj\u00f8res p\u00e5 stedet, i stedet for \u00e5 transportere dem til og fra vaskerier.[\/vc_column_text][\/vc_column_inner][vc_column_inner width=&raquo;1\/4&#8243;][vc_single_image image=&raquo;2599&#8243; img_size=&raquo;medium&raquo; css=&raquo;.vc_custom_1619678589580{margin-bottom: 30px !important;}&raquo;][vc_column_text]<\/p>\n<h3>B\u00e6rekraftige byer og lokalsamfunn<\/h3>\n<p>Ved hjelp av IoT-sensorer optimaliserer Renholdssoner-systemet energibruken for rengj\u00f8ring, noe som bidrar til \u00e5 gj\u00f8re bygninger mer energieffektive.[\/vc_column_text][\/vc_column_inner][vc_column_inner width=&raquo;1\/4&#8243;][vc_single_image image=&raquo;2598&#8243; img_size=&raquo;medium&raquo; alignment=&raquo;center&raquo; css=&raquo;.vc_custom_1619678630337{margin-bottom: 30px !important;}&raquo;][vc_column_text]<\/p>\n<h3>Ansvarlig forbruk og produksjon<\/h3>\n<p>Den tekstile delen av Renholdssoner er laget av resirkulerte materialer.[\/vc_column_text][\/vc_column_inner][\/vc_row_inner][\/vc_column][\/vc_row][vc_row el_class=&raquo;form&raquo;][vc_column][vc_row_inner el_class=&raquo;smallcontainer contact&raquo;][vc_column_inner][vc_column_text]<\/p>\n<h2><\/h2>\n<h2>Kontakt oss<\/h2>\n<p>Vil du vite mer book en gratis-demo p\u00e5 Teams med v\u00e5r hyggelige Support-avdeling (ca. 15 min.).<\/p>\n<p><a class=\"booking-button\" href=\"https:\/\/calendly.com\/sara_n3\/15min?back=1&amp;month=2021-05\">Book demo<\/a>[\/vc_column_text][\/vc_column_inner][\/vc_row_inner][\/vc_column][\/vc_row]<\/p>\n","protected":false},"excerpt":{"rendered":"<p>[vc_row el_class=&raquo;smallcontainer&raquo; css=&raquo;.vc_custom_1619677952961{padding-top: 50px !important;}&raquo;][vc_column][vc_column_text] Vi har gjort det usynlige, synlig 90 % av dagen innend\u00f8rs er vi omgitt av store mengder [&hellip;]<\/p>\n","protected":false},"author":1,"featured_media":0,"parent":0,"menu_order":0,"comment_status":"closed","ping_status":"closed","template":"page-n3smart.php","meta":{"_crosspost_to_1":false,"_crosspost_to_15":false,"footnotes":""},"class_list":["post-2531","page","type-page","status-publish","hentry"],"acf":[],"_links":{"self":[{"href":"https:\/\/n3.no\/renholdssoner\/wp-json\/wp\/v2\/pages\/2531","targetHints":{"allow":["GET"]}}],"collection":[{"href":"https:\/\/n3.no\/renholdssoner\/wp-json\/wp\/v2\/pages"}],"about":[{"href":"https:\/\/n3.no\/renholdssoner\/wp-json\/wp\/v2\/types\/page"}],"author":[{"embeddable":true,"href":"https:\/\/n3.no\/renholdssoner\/wp-json\/wp\/v2\/users\/1"}],"replies":[{"embeddable":true,"href":"https:\/\/n3.no\/renholdssoner\/wp-json\/wp\/v2\/comments?post=2531"}],"version-history":[{"count":0,"href":"https:\/\/n3.no\/renholdssoner\/wp-json\/wp\/v2\/pages\/2531\/revisions"}],"wp:attachment":[{"href":"https:\/\/n3.no\/renholdssoner\/wp-json\/wp\/v2\/media?parent=2531"}],"curies":[{"name":"wp","href":"https:\/\/api.w.org\/{rel}","templated":true}]}}