{"id":671,"date":"2017-05-09T11:52:19","date_gmt":"2017-05-09T09:34:58","guid":{"rendered":"http:\/\/168920-www.web.tornado-node.net\/renholdssoner\/byggtyper\/barnehager-2\/"},"modified":"2022-01-05T12:06:35","modified_gmt":"2022-01-05T11:06:35","slug":"barnehager","status":"publish","type":"page","link":"https:\/\/n3.no\/renholdssoner\/byggtyper\/barnehager\/","title":{"rendered":"Barnehager"},"content":{"rendered":"<p>[vc_row][vc_column][rev_slider_vc alias=&raquo;byggtyper-barnehager&raquo;][\/vc_column][\/vc_row][vc_row][vc_column][vc_column_text el_class=&raquo;smallcontainer knapp&raquo;]<\/p>\n<h1 style=\"text-align: center;\">Barnehager<\/h1>\n<h4>Renholdssoner er et helt unikt mattesystem som er spesielt utviklet for barnehager! Renholdssoner stopper, kontrollere og fjerne smuss og fuktighet i inngangspartier og garderober, noe som gj\u00f8r det trygt og t\u00f8rt for alle barna og de som oppholder seg i barnehagen. Renholdssoner er utviklet i samarbeid med Norges Astma- og Allergiforbund (NAAF).<\/h4>\n<h4>Renholdssoner brukes i dag i over 1700 barnehager i hele Norge. Ta kontakt og f\u00e5 en kostnadsfri befaring.<\/h4>\n<p>&nbsp;<\/p>\n<p><a href=\"\/renholdssoner\/byggtyper\/barnehager\/#barnehage\">Jeg \u00f8nsker kostnadsfri befaring<\/a><\/p>\n<p><a href=\"https:\/\/vimeo.com\/468464850\">Se webinar<\/a>[\/vc_column_text][vc_video link=&raquo;https:\/\/vimeo.com\/161195159&#8243; el_class=&raquo;smallcontainer&raquo; css=&raquo;.vc_custom_1494336569858{margin-top: 50px !important;margin-bottom: 50px !important;padding-top: 50px !important;padding-bottom: 50px !important;}&raquo;][\/vc_column][\/vc_row][vc_row el_class=&raquo;referanser grey&raquo;][vc_column el_class=&raquo;container&raquo;][vc_column_text css=&raquo;.vc_custom_1493998582645{padding-top: 70px !important;}&raquo;]<\/p>\n<h2 style=\"text-align: center;\">Referanser<\/h2>\n<p>[\/vc_column_text][vc_row_inner el_class=&raquo;container&raquo;][vc_column_inner width=&raquo;1\/3&#8243;][vc_single_image image=&raquo;1027&#8243; img_size=&raquo;full&raquo;][vc_column_text]<\/p>\n<h3>Bj\u00f8rneb\u00e5sen barnehage<\/h3>\n<p>Det er fantastisk \u00e5 ikke tr\u00f8 seg v\u00e5t p\u00e5 beina lenger! Vi valgte ogs\u00e5 \u00e5 legge Renholdssoner i garderobene og det har v\u00e6rt gull verdt. Renholdssonene virker st\u00f8ydempende, gj\u00f8r det finere og lunere, og bidrar i \u00f8kt trivsel for alle. Vi har i tillegg fokus p\u00e5 milj\u00f8vern og Renholdssoner er et gr\u00f8nt valg hvor vi har eliminert utslippene som fulgte med henting og levering av de vaskbare mattene vi benyttet tidligere. Kostnadene med Renholdssoner var langt lavere enn forventet, s\u00e5 det bidro sterkt til \u00e5 avgj\u00f8re valget.<\/p>\n<p><strong>Kirsti Bahr Liland, daglig leder<\/strong>[\/vc_column_text][\/vc_column_inner][vc_column_inner width=&raquo;1\/3&#8243;][vc_single_image image=&raquo;1130&#8243; img_size=&raquo;full&raquo;][vc_column_text]<\/p>\n<h3>\u00d8raker barnehage<\/h3>\n<p>I 2013 fikk vi installert Renholdssoner i begge innganger og garderober, og barnehagen\u00a0kunne dermed eliminere b\u00e5de boning, bl\u00e5 sokker og l\u00f8se leiematter \u2013 til den samme prisen. Anbefalingen fra\u00a0Norges Astma- og allergiforbund var viktig og\u00a0skapte en trygghet som gjorde det enklere \u00e5 ta en avgj\u00f8relse om \u00e5 velge Renholdssoner som\u00a0mattesystem.\u00a0Vi fikk installert nye Renholdssoner i 2018 og jeg kan trygt anbefale Renholdssoner til\u00a0andre barnehager!<\/p>\n<p><strong>Solveig Lervik, daglig leder<\/strong>[\/vc_column_text][\/vc_column_inner][vc_column_inner width=&raquo;1\/3&#8243;][vc_single_image image=&raquo;1131&#8243; img_size=&raquo;full&raquo;][vc_column_text]<\/p>\n<h3>Asker kommune<\/h3>\n<p>I tillegg til at Renholdssoner stopper smuss og fuktighet og samtidig er estetisk, har vi oppn\u00e5dd\u00a0flere fordeler. Fordi Renholdssoner er et fastmontert mattesystem, er det ogs\u00e5 sklisikkert. P\u00e5 skoler og i barnehager hvor hundrevis av barn l\u00f8per ut og inn mange ganger i l\u00f8pet av dagen, var dette et viktig sikkerhetstiltak for oss.<\/p>\n<p><strong>Hilde\u00a0Bjerke, renholdssjef<\/strong>[\/vc_column_text][\/vc_column_inner][\/vc_row_inner][vc_column_text el_id=&raquo;barnehage&raquo; el_class=&raquo;anker&raquo;]Anker[\/vc_column_text][\/vc_column][\/vc_row][vc_row css=&raquo;.vc_custom_1506510038056{padding-bottom: 70px !important;background-image: url(https:\/\/n3zonesgroup.no\/renholdssoner\/wp-content\/uploads\/sites\/5\/2017\/04\/tog_bakgrunn.png?id=406) !important;background-position: center !important;background-repeat: no-repeat !important;background-size: cover !important;}&raquo;][vc_column][vc_row_inner el_class=&raquo;container form bildeskjema&raquo;][vc_column_inner]\n<div class=\"wpcf7 no-js\" id=\"wpcf7-f404-o1\" lang=\"nb-NO\" dir=\"ltr\">\n<div class=\"screen-reader-response\"><p role=\"status\" aria-live=\"polite\" aria-atomic=\"true\"><\/p> <ul><\/ul><\/div>\n<form action=\"\/renholdssoner\/wp-json\/wp\/v2\/pages\/671#wpcf7-f404-o1\" method=\"post\" class=\"wpcf7-form init\" aria-label=\"Kontaktskjema\" novalidate=\"novalidate\" data-status=\"init\">\n<div style=\"display: none;\">\n<input type=\"hidden\" name=\"_wpcf7\" value=\"404\" \/>\n<input type=\"hidden\" name=\"_wpcf7_version\" value=\"5.8\" \/>\n<input type=\"hidden\" name=\"_wpcf7_locale\" value=\"nb_NO\" \/>\n<input type=\"hidden\" name=\"_wpcf7_unit_tag\" value=\"wpcf7-f404-o1\" \/>\n<input type=\"hidden\" name=\"_wpcf7_container_post\" value=\"0\" \/>\n<input type=\"hidden\" name=\"_wpcf7_posted_data_hash\" value=\"\" \/>\n<input type=\"hidden\" name=\"_wpcf7_recaptcha_response\" value=\"\" \/>\n<\/div>\n<h2>Jeg \u00f8nsker kostnadsfri befaring!\n<\/h2>\n<h4>Fyll ut skjemaet og vi tar raskt kontakt med deg\n<\/h4>\n<div class=\"row\">\n\t<div class=\"col-md-6  form-group\">\n\t\t<p><span class=\"wpcf7-form-control-wrap\" data-name=\"navn\"><input size=\"40\" class=\"wpcf7-form-control wpcf7-text wpcf7-validates-as-required\" aria-required=\"true\" aria-invalid=\"false\" placeholder=\"Navn*\" value=\"\" type=\"text\" name=\"navn\" \/><\/span>\n\t\t<\/p>\n\t<\/div>\n\t<div class=\"col-md-6 form-group\">\n\t\t<p><span class=\"wpcf7-form-control-wrap\" data-name=\"firma\"><input size=\"40\" class=\"wpcf7-form-control wpcf7-text wpcf7-validates-as-required\" aria-required=\"true\" aria-invalid=\"false\" placeholder=\"Firma*\" value=\"\" type=\"text\" name=\"firma\" \/><\/span>\n\t\t<\/p>\n\t<\/div>\n\t<div class=\"col-md-6  form-group\">\n\t\t<p><span class=\"wpcf7-form-control-wrap\" data-name=\"epost\"><input size=\"40\" class=\"wpcf7-form-control wpcf7-email wpcf7-validates-as-required wpcf7-text wpcf7-validates-as-email\" aria-required=\"true\" aria-invalid=\"false\" placeholder=\"E-post*\" value=\"\" type=\"email\" name=\"epost\" \/><\/span>\n\t\t<\/p>\n\t<\/div>\n\t<div class=\"col-md-6 form-group\">\n\t\t<p><span class=\"wpcf7-form-control-wrap\" data-name=\"telefon\"><input size=\"40\" class=\"wpcf7-form-control wpcf7-text wpcf7-validates-as-required\" aria-required=\"true\" aria-invalid=\"false\" placeholder=\"Telefon*\" value=\"\" type=\"text\" name=\"telefon\" \/><\/span>\n\t\t<\/p>\n\t<\/div>\n\t<p><button class=\"button\" type=\"submit\">Send inn <\/button>\n\t<\/p>\n<\/div><div class=\"wpcf7-response-output\" aria-hidden=\"true\"><\/div>\n<\/form>\n<\/div>\n[\/vc_column_inner][\/vc_row_inner][\/vc_column][\/vc_row]<\/p>\n","protected":false},"excerpt":{"rendered":"<p>[vc_row][vc_column][rev_slider_vc alias=&raquo;byggtyper-barnehager&raquo;][\/vc_column][\/vc_row][vc_row][vc_column][vc_column_text el_class=&raquo;smallcontainer knapp&raquo;] Barnehager Renholdssoner er et helt unikt mattesystem som er spesielt utviklet for barnehager! Renholdssoner stopper, kontrollere og fjerne [&hellip;]<\/p>\n","protected":false},"author":1,"featured_media":0,"parent":216,"menu_order":1,"comment_status":"closed","ping_status":"closed","template":"","meta":{"_crosspost_to_1":false,"_crosspost_to_15":false,"footnotes":""},"class_list":["post-671","page","type-page","status-publish","hentry"],"acf":[],"_links":{"self":[{"href":"https:\/\/n3.no\/renholdssoner\/wp-json\/wp\/v2\/pages\/671","targetHints":{"allow":["GET"]}}],"collection":[{"href":"https:\/\/n3.no\/renholdssoner\/wp-json\/wp\/v2\/pages"}],"about":[{"href":"https:\/\/n3.no\/renholdssoner\/wp-json\/wp\/v2\/types\/page"}],"author":[{"embeddable":true,"href":"https:\/\/n3.no\/renholdssoner\/wp-json\/wp\/v2\/users\/1"}],"replies":[{"embeddable":true,"href":"https:\/\/n3.no\/renholdssoner\/wp-json\/wp\/v2\/comments?post=671"}],"version-history":[{"count":0,"href":"https:\/\/n3.no\/renholdssoner\/wp-json\/wp\/v2\/pages\/671\/revisions"}],"up":[{"embeddable":true,"href":"https:\/\/n3.no\/renholdssoner\/wp-json\/wp\/v2\/pages\/216"}],"wp:attachment":[{"href":"https:\/\/n3.no\/renholdssoner\/wp-json\/wp\/v2\/media?parent=671"}],"curies":[{"name":"wp","href":"https:\/\/api.w.org\/{rel}","templated":true}]}}