{"id":674,"date":"2017-05-09T11:36:01","date_gmt":"2017-05-09T09:36:01","guid":{"rendered":"http:\/\/168920-www.web.tornado-node.net\/renholdssoner\/byggtyper\/skoler-2\/"},"modified":"2020-06-12T11:22:35","modified_gmt":"2020-06-12T09:22:35","slug":"hotell","status":"publish","type":"page","link":"https:\/\/n3.no\/renholdssoner\/byggtyper\/hotell\/","title":{"rendered":"Hotell"},"content":{"rendered":"<p>[vc_row][vc_column][rev_slider_vc alias=&raquo;byggtyper-hotell&raquo;][\/vc_column][\/vc_row][vc_row][vc_column][vc_column_text el_class=&raquo;smallcontainer knapp&raquo;]<\/p>\n<h1 style=\"text-align: center;\">Hotell<\/h1>\n<h4>Renholdssoner er et helt unikt mattesystem som er spesielt utviklet for \u00e5 tilpasses hoteller! Renholdssoner stopper, kontrollere og fjerne smuss og fuktighet i inngangspartier og omr\u00e5der fra skitten til rent. Renholdssoner er utviklet i samarbeid med Norges Astma- og Allergiforbund (NAAF).<\/h4>\n<h4>Renholdssoner brukes i dag i mange hoteller i hele Norge. Ta kontakt i dag og f\u00e5 en kostnadsfri befaring.<\/h4>\n<p>&nbsp;<\/p>\n<p><a href=\"\/renholdssoner\/byggtyper\/hotell\/#hotell\">Jeg \u00f8nsker kostnadsfri befaring<\/a>[\/vc_column_text][vc_video link=&raquo;https:\/\/vimeo.com\/161195623&#8243; el_class=&raquo;smallcontainer&raquo; css=&raquo;.vc_custom_1494504484580{margin-top: 50px !important;margin-bottom: 50px !important;padding-top: 50px !important;padding-bottom: 50px !important;}&raquo;][\/vc_column][\/vc_row][vc_row el_class=&raquo;referanser grey&raquo;][vc_column el_class=&raquo;container&raquo;][vc_column_text css=&raquo;.vc_custom_1493998582645{padding-top: 70px !important;}&raquo;]<\/p>\n<h2 style=\"text-align: center;\">Referanser<\/h2>\n<p>[\/vc_column_text][vc_row_inner el_class=&raquo;container&raquo;][vc_column_inner width=&raquo;1\/3&#8243;][vc_single_image image=&raquo;1143&#8243; img_size=&raquo;full&raquo;][vc_column_text]<\/p>\n<h3>Scandic Nidelven, Trondheim<\/h3>\n<p>Vi var sterkt plaget av store mengder skitt og fuktighet som ble dratt inn. V\u00e5rt tidligere mattesystem klarte p\u00e5 ingen m\u00e5te \u00e5 stoppe dette. Etter installasjonen av Renholdssoner kunne vi etter kort tid se en markant forbedring. At utseendet p\u00e5 produktet i tillegg ble s\u00e6rdeles delikat, og at vi reduserte v\u00e5re leiekostnader med 60 prosent, gj\u00f8r installasjonen s\u00e6rdeles fordelaktig for oss. Planleggingen og gjennomf\u00f8ringen av prosjektet var sv\u00e6rt profesjonelt, slik at den daglige driften av hotellet ikke ble ber\u00f8rt. Jeg anbefaler Renholdssoner.<\/p>\n<p><strong>Ruth-Eva Skomsvold, hus\u00f8konom<\/strong>[\/vc_column_text][\/vc_column_inner][vc_column_inner width=&raquo;1\/3&#8243;][vc_single_image image=&raquo;1199&#8243; img_size=&raquo;full&raquo;][vc_column_text]<\/p>\n<h3>Radisson SAS Royal Garden, Trondheim<\/h3>\n<p>Etter at vi erstattet l\u00f8se matter med Renholdssoner, er smuss og fuktighet ikke lenger noe problem p\u00e5 hotellet. Mopping av det \u00f8vrige gulvarealet er redusert betraktelig. Renholdssoner kan anbefales p\u00e5 det sterkeste.<\/p>\n<p><strong>Nora Melki Solberg, hus\u00f8konom<\/strong>[\/vc_column_text][\/vc_column_inner][vc_column_inner width=&raquo;1\/3&#8243;][vc_single_image image=&raquo;1142&#8243; img_size=&raquo;full&raquo;][vc_column_text]<\/p>\n<h3>First Hotels Millenium, Oslo<\/h3>\n<p>Ved \u00e5 installere Renholdssoner fikk vi redusert v\u00e5re kostnader p\u00e5 leiematter med 70\u00a0%. Samtidig fikk vi fler kvadratmeter til disposisjon. Renholdssonen ble spesialtilpasset inngangspartiet og resepsjonen. Renholdssoner kan anbefales.<\/p>\n<p><strong>Henning Friberg, direkt\u00f8r<\/strong>[\/vc_column_text][\/vc_column_inner][\/vc_row_inner][vc_column_text el_id=&raquo;hotell&raquo; el_class=&raquo;anker&raquo;]Anker[\/vc_column_text][\/vc_column][\/vc_row][vc_row css=&raquo;.vc_custom_1591953710740{padding-bottom: 70px !important;background-image: url(https:\/\/n3zonesgroup.no\/renholdssoner\/wp-content\/uploads\/sites\/5\/2017\/05\/Hotell_1.jpg?id=963) !important;background-position: center !important;background-repeat: no-repeat !important;background-size: cover !important;}&raquo;][vc_column][vc_row_inner el_class=&raquo;container form bildeskjema&raquo;][vc_column_inner]\n<div class=\"wpcf7 no-js\" id=\"wpcf7-f404-o1\" lang=\"nb-NO\" dir=\"ltr\">\n<div class=\"screen-reader-response\"><p role=\"status\" aria-live=\"polite\" aria-atomic=\"true\"><\/p> <ul><\/ul><\/div>\n<form action=\"\/renholdssoner\/wp-json\/wp\/v2\/pages\/674#wpcf7-f404-o1\" method=\"post\" class=\"wpcf7-form init\" aria-label=\"Kontaktskjema\" novalidate=\"novalidate\" data-status=\"init\">\n<div style=\"display: none;\">\n<input type=\"hidden\" name=\"_wpcf7\" value=\"404\" \/>\n<input type=\"hidden\" name=\"_wpcf7_version\" value=\"5.8\" \/>\n<input type=\"hidden\" name=\"_wpcf7_locale\" value=\"nb_NO\" \/>\n<input type=\"hidden\" name=\"_wpcf7_unit_tag\" value=\"wpcf7-f404-o1\" \/>\n<input type=\"hidden\" name=\"_wpcf7_container_post\" value=\"0\" \/>\n<input type=\"hidden\" name=\"_wpcf7_posted_data_hash\" value=\"\" \/>\n<input type=\"hidden\" name=\"_wpcf7_recaptcha_response\" value=\"\" \/>\n<\/div>\n<h2>Jeg \u00f8nsker kostnadsfri befaring!\n<\/h2>\n<h4>Fyll ut skjemaet og vi tar raskt kontakt med deg\n<\/h4>\n<div class=\"row\">\n\t<div class=\"col-md-6  form-group\">\n\t\t<p><span class=\"wpcf7-form-control-wrap\" data-name=\"navn\"><input size=\"40\" class=\"wpcf7-form-control wpcf7-text wpcf7-validates-as-required\" aria-required=\"true\" aria-invalid=\"false\" placeholder=\"Navn*\" value=\"\" type=\"text\" name=\"navn\" \/><\/span>\n\t\t<\/p>\n\t<\/div>\n\t<div class=\"col-md-6 form-group\">\n\t\t<p><span class=\"wpcf7-form-control-wrap\" data-name=\"firma\"><input size=\"40\" class=\"wpcf7-form-control wpcf7-text wpcf7-validates-as-required\" aria-required=\"true\" aria-invalid=\"false\" placeholder=\"Firma*\" value=\"\" type=\"text\" name=\"firma\" \/><\/span>\n\t\t<\/p>\n\t<\/div>\n\t<div class=\"col-md-6  form-group\">\n\t\t<p><span class=\"wpcf7-form-control-wrap\" data-name=\"epost\"><input size=\"40\" class=\"wpcf7-form-control wpcf7-email wpcf7-validates-as-required wpcf7-text wpcf7-validates-as-email\" aria-required=\"true\" aria-invalid=\"false\" placeholder=\"E-post*\" value=\"\" type=\"email\" name=\"epost\" \/><\/span>\n\t\t<\/p>\n\t<\/div>\n\t<div class=\"col-md-6 form-group\">\n\t\t<p><span class=\"wpcf7-form-control-wrap\" data-name=\"telefon\"><input size=\"40\" class=\"wpcf7-form-control wpcf7-text wpcf7-validates-as-required\" aria-required=\"true\" aria-invalid=\"false\" placeholder=\"Telefon*\" value=\"\" type=\"text\" name=\"telefon\" \/><\/span>\n\t\t<\/p>\n\t<\/div>\n\t<p><button class=\"button\" type=\"submit\">Send inn <\/button>\n\t<\/p>\n<\/div><div class=\"wpcf7-response-output\" aria-hidden=\"true\"><\/div>\n<\/form>\n<\/div>\n[\/vc_column_inner][\/vc_row_inner][\/vc_column][\/vc_row]<\/p>\n","protected":false},"excerpt":{"rendered":"<p>[vc_row][vc_column][rev_slider_vc alias=&raquo;byggtyper-hotell&raquo;][\/vc_column][\/vc_row][vc_row][vc_column][vc_column_text el_class=&raquo;smallcontainer knapp&raquo;] Hotell Renholdssoner er et helt unikt mattesystem som er spesielt utviklet for \u00e5 tilpasses hoteller! Renholdssoner stopper, kontrollere [&hellip;]<\/p>\n","protected":false},"author":1,"featured_media":0,"parent":216,"menu_order":2,"comment_status":"closed","ping_status":"closed","template":"","meta":{"_crosspost_to_1":false,"_crosspost_to_15":false,"footnotes":""},"class_list":["post-674","page","type-page","status-publish","hentry"],"acf":[],"_links":{"self":[{"href":"https:\/\/n3.no\/renholdssoner\/wp-json\/wp\/v2\/pages\/674","targetHints":{"allow":["GET"]}}],"collection":[{"href":"https:\/\/n3.no\/renholdssoner\/wp-json\/wp\/v2\/pages"}],"about":[{"href":"https:\/\/n3.no\/renholdssoner\/wp-json\/wp\/v2\/types\/page"}],"author":[{"embeddable":true,"href":"https:\/\/n3.no\/renholdssoner\/wp-json\/wp\/v2\/users\/1"}],"replies":[{"embeddable":true,"href":"https:\/\/n3.no\/renholdssoner\/wp-json\/wp\/v2\/comments?post=674"}],"version-history":[{"count":0,"href":"https:\/\/n3.no\/renholdssoner\/wp-json\/wp\/v2\/pages\/674\/revisions"}],"up":[{"embeddable":true,"href":"https:\/\/n3.no\/renholdssoner\/wp-json\/wp\/v2\/pages\/216"}],"wp:attachment":[{"href":"https:\/\/n3.no\/renholdssoner\/wp-json\/wp\/v2\/media?parent=674"}],"curies":[{"name":"wp","href":"https:\/\/api.w.org\/{rel}","templated":true}]}}