{"id":684,"date":"2017-05-09T11:50:45","date_gmt":"2017-05-09T09:50:45","guid":{"rendered":"http:\/\/168920-www.web.tornado-node.net\/renholdssoner\/byggtyper\/kjopesenter-2\/"},"modified":"2023-01-18T11:31:04","modified_gmt":"2023-01-18T10:31:04","slug":"kjopesenter","status":"publish","type":"page","link":"https:\/\/n3.no\/renholdssoner\/byggtyper\/kjopesenter\/","title":{"rendered":"Kj\u00f8pesenter"},"content":{"rendered":"<p>[vc_row][vc_column][rev_slider_vc alias=&raquo;byggtyper-varehandel&raquo;][\/vc_column][\/vc_row][vc_row][vc_column][vc_column_text el_class=&raquo;smallcontainer knapp&raquo;]<\/p>\n<h1 style=\"text-align: center;\">Varehandel<\/h1>\n<p>&laquo;Vi har merket lavere kost og bedre \u00f8konomisk forutsigbarhet etter installasjon av Renholdssoner.\u00a0Det er ingen bekymring for frekvensen p\u00e5 mattebytter som tidligere m\u00e5tte justeres med \u00e5rstidene.<\/p>\n<p>Spesielt merker vi mindre slitasje p\u00e5 rulleb\u00e5nd og heiser etter grovmatter ble installert i vindfang, samt faste matter foran rulleb\u00e5nd. Riktig bruk av teppebankere etter oppl\u00e6ring av renholderne har gjort at vi, selv i utsatte \u00e5rstider som h\u00f8st og vinter, har mye mindre driftsstans. Med Renholdssoner i inngangsparti merker vi at mye mindre skitt og salt dras inn p\u00e5 flisgolv og legger seg som film.<br \/>\nLevetiden p\u00e5 sonene har v\u00e6rt overraskende lang tatt i betraktning effekten den har.<\/p>\n<p>Normalt har vi slitt med en film av skitt som legger seg, spesielt p\u00e5 toalettgulv. Dette har ikke v\u00e6rt tilfelle siden vi byttet til Renholdssoner. Det er ogs\u00e5 mindre fallskader p\u00e5 bygget da vi unng\u00e5r l\u00f8se matter som kunder snubler i.<\/p>\n<p>Butikkene p\u00e5 senteret merker at det dras mindre skitt inn i deres lokaler fra fellesarealer, og at rulleb\u00e5nd har mindre driftsstans, noe som p\u00e5virker kundeantallet.<\/p>\n<p>St\u00f8rste plusset med Renholdssoner, sett bort ifra effekten den har p\u00e5 renholdet og inneklima, er oppf\u00f8lgingen fra N3 og responstiden n\u00e5r vi har hatt sp\u00f8rsm\u00e5l om produktet og bruken. Jevnlige tilbakemeldinger og kontroller av leverand\u00f8ren gj\u00f8r det enkelt \u00e5 avdekke behov for endring av frekvens p\u00e5 renhold, vedlikeholdsbehov p\u00e5 utstyr og rutiner for renholderne p\u00e5 bygget.&raquo;<\/p>\n<p>&nbsp;<\/p>\n<p>Rune Ramberg<br \/>\nDrift<br \/>\nLade Arena<\/p>\n<p>[\/vc_column_text][\/vc_column][\/vc_row][vc_row][vc_column][vc_column_text el_class=&raquo;smallcontainer knapp&raquo;]<\/p>\n<h1 style=\"text-align: left;\"><\/h1>\n<h4>Renholdssoner er et helt unikt mattesystem som er spesielt utviklet for \u00e5 tilpasses alle typer butikker, kj\u00f8pesenter og varehandel! Renholdssoner stopper, kontrollere og fjerne smuss og fuktighet i inngangspartier og omr\u00e5der fra skitten til rent. Renholdssoner er utviklet i samarbeid med Norges Astma- og Allergiforbund (NAAF).<\/h4>\n<h4>Renholdssoner brukes i dag i varehandelen over hele Norge. Ta kontakt i dag og f\u00e5 en kostnadsfri befaring.<\/h4>\n<p>&nbsp;<\/p>\n<p><a href=\"\/renholdssoner\/byggtyper\/kjopesenter\/#kjopesenter\">Jeg \u00f8nsker kostnadsfri befaring<\/a>[\/vc_column_text][vc_video link=&raquo;https:\/\/vimeo.com\/161195623&#8243; el_class=&raquo;smallcontainer&raquo; css=&raquo;.vc_custom_1494434562879{margin-top: 50px !important;margin-bottom: 50px !important;padding-top: 50px !important;padding-bottom: 50px !important;}&raquo;][\/vc_column][\/vc_row][vc_row el_class=&raquo;referanser grey&raquo;][vc_column el_class=&raquo;container&raquo;][vc_column_text css=&raquo;.vc_custom_1493998582645{padding-top: 70px !important;}&raquo;]<\/p>\n<h2 style=\"text-align: center;\">Referanser<\/h2>\n<p>[\/vc_column_text][vc_row_inner el_class=&raquo;container&raquo;][vc_column_inner width=&raquo;1\/3&#8243;][vc_column_text]<\/p>\n<h3>Mosseporten kj\u00f8pesenter<\/h3>\n<p>Vi er veldig forn\u00f8yd med hvordan senteret fremst\u00e5r med Renholdssoner. Med 1,2 millioner bes\u00f8kende i \u00e5ret er det viktig for oss \u00e5 ha en l\u00f8sning som fungerer. Erfaringene vi har gjort oss, er veldig positive.<\/p>\n<p><strong>Camilla Aagaard, senterleder<\/strong>[\/vc_column_text][\/vc_column_inner][vc_column_inner width=&raquo;1\/3&#8243;][vc_column_text]<\/p>\n<h3>Liertoppen kj\u00f8pesenter<\/h3>\n<p>Renholdssoner gir et godt f\u00f8rsteinntrykk og forn\u00f8yde leietakere! Vi er veldig forn\u00f8yd og opplever at renholdet holder seg bedre utover dagen. Jeg anbefaler Renholdssoner!<\/p>\n<p><strong>Morten Pretorius, driftssjef<\/strong>[\/vc_column_text][\/vc_column_inner][vc_column_inner width=&raquo;1\/3&#8243;][vc_column_text]<\/p>\n<h3>Sandens\u00a0senter<\/h3>\n<p>Mattesystemet Renholdssoner ser mye penere ut enn de l\u00f8se mattene som flyttet p\u00e5 seg, og som ikke greide \u00e5 l\u00f8se problemene vi hadde med inndratt smuss og fuktighet. Ved \u00e5 installere Renholdssoner har vi l\u00f8ftet hele inngangspartiet p\u00e5 kj\u00f8pesenteret. Jeg kan anbefale Renholdssoner!<\/p>\n<p><strong>Richard Eriksen, driftssjef<\/strong>[\/vc_column_text][\/vc_column_inner][\/vc_row_inner][vc_column_text el_id=&raquo;kjopesenter&raquo; el_class=&raquo;anker&raquo;]Anker[\/vc_column_text][\/vc_column][\/vc_row][vc_row css=&raquo;.vc_custom_1506510070382{padding-bottom: 70px !important;background-image: url(https:\/\/n3zonesgroup.no\/renholdssoner\/wp-content\/uploads\/sites\/5\/2017\/04\/tog_bakgrunn.png?id=406) !important;background-position: center !important;background-repeat: no-repeat !important;background-size: cover !important;}&raquo;][vc_column][vc_row_inner el_class=&raquo;container form bildeskjema&raquo;][vc_column_inner]\n<div class=\"wpcf7 no-js\" id=\"wpcf7-f404-o1\" lang=\"nb-NO\" dir=\"ltr\">\n<div class=\"screen-reader-response\"><p role=\"status\" aria-live=\"polite\" aria-atomic=\"true\"><\/p> <ul><\/ul><\/div>\n<form action=\"\/renholdssoner\/wp-json\/wp\/v2\/pages\/684#wpcf7-f404-o1\" method=\"post\" class=\"wpcf7-form init\" aria-label=\"Kontaktskjema\" novalidate=\"novalidate\" data-status=\"init\">\n<div style=\"display: none;\">\n<input type=\"hidden\" name=\"_wpcf7\" value=\"404\" \/>\n<input type=\"hidden\" name=\"_wpcf7_version\" value=\"5.8\" \/>\n<input type=\"hidden\" name=\"_wpcf7_locale\" value=\"nb_NO\" \/>\n<input type=\"hidden\" name=\"_wpcf7_unit_tag\" value=\"wpcf7-f404-o1\" \/>\n<input type=\"hidden\" name=\"_wpcf7_container_post\" value=\"0\" \/>\n<input type=\"hidden\" name=\"_wpcf7_posted_data_hash\" value=\"\" \/>\n<input type=\"hidden\" name=\"_wpcf7_recaptcha_response\" value=\"\" \/>\n<\/div>\n<h2>Jeg \u00f8nsker kostnadsfri befaring!\n<\/h2>\n<h4>Fyll ut skjemaet og vi tar raskt kontakt med deg\n<\/h4>\n<div class=\"row\">\n\t<div class=\"col-md-6  form-group\">\n\t\t<p><span class=\"wpcf7-form-control-wrap\" data-name=\"navn\"><input size=\"40\" class=\"wpcf7-form-control wpcf7-text wpcf7-validates-as-required\" aria-required=\"true\" aria-invalid=\"false\" placeholder=\"Navn*\" value=\"\" type=\"text\" name=\"navn\" \/><\/span>\n\t\t<\/p>\n\t<\/div>\n\t<div class=\"col-md-6 form-group\">\n\t\t<p><span class=\"wpcf7-form-control-wrap\" data-name=\"firma\"><input size=\"40\" class=\"wpcf7-form-control wpcf7-text wpcf7-validates-as-required\" aria-required=\"true\" aria-invalid=\"false\" placeholder=\"Firma*\" value=\"\" type=\"text\" name=\"firma\" \/><\/span>\n\t\t<\/p>\n\t<\/div>\n\t<div class=\"col-md-6  form-group\">\n\t\t<p><span class=\"wpcf7-form-control-wrap\" data-name=\"epost\"><input size=\"40\" class=\"wpcf7-form-control wpcf7-email wpcf7-validates-as-required wpcf7-text wpcf7-validates-as-email\" aria-required=\"true\" aria-invalid=\"false\" placeholder=\"E-post*\" value=\"\" type=\"email\" name=\"epost\" \/><\/span>\n\t\t<\/p>\n\t<\/div>\n\t<div class=\"col-md-6 form-group\">\n\t\t<p><span class=\"wpcf7-form-control-wrap\" data-name=\"telefon\"><input size=\"40\" class=\"wpcf7-form-control wpcf7-text wpcf7-validates-as-required\" aria-required=\"true\" aria-invalid=\"false\" placeholder=\"Telefon*\" value=\"\" type=\"text\" name=\"telefon\" \/><\/span>\n\t\t<\/p>\n\t<\/div>\n\t<p><button class=\"button\" type=\"submit\">Send inn <\/button>\n\t<\/p>\n<\/div><div class=\"wpcf7-response-output\" aria-hidden=\"true\"><\/div>\n<\/form>\n<\/div>\n[\/vc_column_inner][\/vc_row_inner][\/vc_column][\/vc_row][vc_row][vc_column][vc_empty_space][\/vc_column][\/vc_row]<\/p>\n","protected":false},"excerpt":{"rendered":"<p>[vc_row][vc_column][rev_slider_vc alias=&raquo;byggtyper-varehandel&raquo;][\/vc_column][\/vc_row][vc_row][vc_column][vc_column_text el_class=&raquo;smallcontainer knapp&raquo;] Varehandel &laquo;Vi har merket lavere kost og bedre \u00f8konomisk forutsigbarhet etter installasjon av Renholdssoner.\u00a0Det er ingen bekymring for [&hellip;]<\/p>\n","protected":false},"author":1,"featured_media":0,"parent":216,"menu_order":4,"comment_status":"closed","ping_status":"closed","template":"","meta":{"_crosspost_to_1":false,"_crosspost_to_15":false,"footnotes":""},"class_list":["post-684","page","type-page","status-publish","hentry"],"acf":[],"_links":{"self":[{"href":"https:\/\/n3.no\/renholdssoner\/wp-json\/wp\/v2\/pages\/684","targetHints":{"allow":["GET"]}}],"collection":[{"href":"https:\/\/n3.no\/renholdssoner\/wp-json\/wp\/v2\/pages"}],"about":[{"href":"https:\/\/n3.no\/renholdssoner\/wp-json\/wp\/v2\/types\/page"}],"author":[{"embeddable":true,"href":"https:\/\/n3.no\/renholdssoner\/wp-json\/wp\/v2\/users\/1"}],"replies":[{"embeddable":true,"href":"https:\/\/n3.no\/renholdssoner\/wp-json\/wp\/v2\/comments?post=684"}],"version-history":[{"count":0,"href":"https:\/\/n3.no\/renholdssoner\/wp-json\/wp\/v2\/pages\/684\/revisions"}],"up":[{"embeddable":true,"href":"https:\/\/n3.no\/renholdssoner\/wp-json\/wp\/v2\/pages\/216"}],"wp:attachment":[{"href":"https:\/\/n3.no\/renholdssoner\/wp-json\/wp\/v2\/media?parent=684"}],"curies":[{"name":"wp","href":"https:\/\/api.w.org\/{rel}","templated":true}]}}