{"id":823,"date":"2017-05-10T12:20:19","date_gmt":"2017-05-10T10:20:39","guid":{"rendered":"http:\/\/168920-www.web.tornado-node.net\/renholdssoner\/kundeservice-2-2\/"},"modified":"2024-04-24T14:08:25","modified_gmt":"2024-04-24T12:08:25","slug":"kundeservice","status":"publish","type":"page","link":"https:\/\/n3.no\/renholdssoner\/kundeservice\/","title":{"rendered":"Kundeservice"},"content":{"rendered":"<p>[vc_row el_class=&raquo;smallcontainer&raquo;][vc_column][vc_column_text]<\/p>\n<h1 style=\"text-align: center;\">Kundeservice<\/h1>\n<h4 style=\"text-align: center;\">Som kunde hos oss er det du som er i fokus.\u00a0M\u00e5let v\u00e5rt er at du skal oppleve kvalitet i alle ledd, og at vi holder det vi lover!<\/h4>\n<p>[\/vc_column_text][\/vc_column][\/vc_row][vc_row el_class=&raquo;kontakt_oss kundeservice&raquo;][vc_column width=&raquo;1\/2&#8243;][vc_single_image image=&raquo;985&#8243; img_size=&raquo;full&raquo; alignment=&raquo;right&raquo;][\/vc_column][vc_column width=&raquo;1\/2&#8243;][vc_column_text el_class=&raquo;circle&raquo;]<\/p>\n<h6 style=\"text-align: center;\">Trenger<br \/>\ndu hjelp?<\/h6>\n<h1 style=\"text-align: center;\">02131<\/h1>\n<p style=\"text-align: center;\"><a href=\"mailto:kundeservice@n3.no\">kundeservice@n3.no<\/a><\/p>\n<p>[\/vc_column_text][\/vc_column][\/vc_row][vc_row el_class=&raquo;smallcontainer&raquo;][vc_column][vc_toggle title=&raquo;Renholdssoner brukermanual&raquo; style=&raquo;round&raquo;]Her kan du laste ned:<\/p>\n<p><a href=\"https:\/\/n3.no\/renholdssoner\/wp-content\/uploads\/sites\/5\/2023\/11\/2023-MANUAL-FOR-RENHOLDSSONER-N3-EVO_for-web.pdf\">2023 MANUAL FOR RENHOLDSSONER N3 EVO<\/a><br \/>\n<a href=\"https:\/\/n3.no\/renholdssoner\/wp-content\/uploads\/sites\/5\/2023\/11\/2023-MANUAL-FOR-RENHOLDSSONER-N3-SC.pdf\">2023 MANUAL FOR RENHOLDSSONER N3\u00a0SC<\/a>[\/vc_toggle][vc_toggle title=&raquo;Smartinstruksjoner for renholdere&raquo; style=&raquo;round&raquo; el_id=&raquo;smartinstruksjon&raquo;]<\/p>\n<h3><a href=\"https:\/\/www.n3manual.com\">www.n3manual.com<\/a><\/h3>\n<h3><\/h3>\n<p>[\/vc_toggle][vc_toggle title=&raquo;E-kurs for renholdere&raquo; style=&raquo;round&raquo;]<\/p>\n<h3><a href=\"https:\/\/n3academy.skillhabit.com\/academy\/\">Grunnkurs &#8211; N3 EVO teppebanker<\/a><\/h3>\n<h3><\/h3>\n<p>[\/vc_toggle][vc_toggle title=&raquo;Fargekart&raquo; style=&raquo;round&raquo;]300 serien<\/p>\n<p><img loading=\"lazy\" decoding=\"async\" class=\"alignnone size-full wp-image-975\" src=\"http:\/\/168920-www.web.tornado-node.net\/renholdssoner\/wp-content\/uploads\/sites\/5\/2017\/05\/Fargepr\u00f8ver_RS.png\" alt=\"\" width=\"1180\" height=\"510\" srcset=\"https:\/\/n3.no\/renholdssoner\/wp-content\/uploads\/sites\/5\/2017\/05\/Fargepr\u00f8ver_RS.png 1180w, https:\/\/n3.no\/renholdssoner\/wp-content\/uploads\/sites\/5\/2017\/05\/Fargepr\u00f8ver_RS-300x130.png 300w, https:\/\/n3.no\/renholdssoner\/wp-content\/uploads\/sites\/5\/2017\/05\/Fargepr\u00f8ver_RS-768x332.png 768w, https:\/\/n3.no\/renholdssoner\/wp-content\/uploads\/sites\/5\/2017\/05\/Fargepr\u00f8ver_RS-1024x443.png 1024w\" sizes=\"auto, (max-width: 1180px) 100vw, 1180px\" \/><\/p>\n<p>&nbsp;<\/p>\n<p>600 serien<\/p>\n<p><img loading=\"lazy\" decoding=\"async\" class=\"alignnone size-full wp-image-2027\" src=\"https:\/\/n3zonesgroup.no\/renholdssoner\/wp-content\/uploads\/sites\/5\/2019\/11\/Fargepr\u00f8ver_600serien.png\" alt=\"\" width=\"1180\" height=\"510\" srcset=\"https:\/\/n3.no\/renholdssoner\/wp-content\/uploads\/sites\/5\/2019\/11\/Fargepr\u00f8ver_600serien.png 1180w, https:\/\/n3.no\/renholdssoner\/wp-content\/uploads\/sites\/5\/2019\/11\/Fargepr\u00f8ver_600serien-300x130.png 300w, https:\/\/n3.no\/renholdssoner\/wp-content\/uploads\/sites\/5\/2019\/11\/Fargepr\u00f8ver_600serien-768x332.png 768w, https:\/\/n3.no\/renholdssoner\/wp-content\/uploads\/sites\/5\/2019\/11\/Fargepr\u00f8ver_600serien-1024x443.png 1024w\" sizes=\"auto, (max-width: 1180px) 100vw, 1180px\" \/>[\/vc_toggle][vc_toggle title=&raquo;Varepr\u00f8vebok&raquo; style=&raquo;round&raquo;]Last ned\u00a0<a href=\"https:\/\/n3zonesgroup.no\/renholdssoner\/wp-content\/uploads\/sites\/5\/2021\/03\/Renholdssoner-vareprovebok.pdf\">Renholdssoner varepr\u00f8vebok<\/a>[\/vc_toggle][vc_toggle title=&raquo;Renholdssoner produktbeskrivelse&raquo; style=&raquo;round&raquo;]Her kan du laste ned fullstendig produktbeskrivelse av <a href=\"https:\/\/n3home.wpengine.com\/renholdssoner\/wp-content\/uploads\/sites\/5\/2021\/03\/N3_Renholdssoner-produktbeskrivelse-1.pdf\">Renholdssoner produktbeskrivelse utviklet i samarbeid med Norges Astma- og Allergiforbund<\/a>[\/vc_toggle][vc_toggle title=&raquo;Total funksjonsgaranti&raquo; style=&raquo;round&raquo;]<\/p>\n<h3><span style=\"font-weight: normal !msorm;\">Total funksjonsgaranti (TFG) p\u00e5 renholdssoner dekker f\u00f8lgende i leieperioden:<\/span><\/h3>\n<ul>\n<li>Ny eller reparert maskin innen to arbeidsdager fra N3 mottar den defekte maskinen.<\/li>\n<li>Frakt til og fra brukerstedet<\/li>\n<li>Utbedring av skader og mangler som ikke er brukerfeil<\/li>\n<li>Arbeid inkl. deler<\/li>\n<li>Brann<\/li>\n<li>H\u00e6rverk<\/li>\n<li>Tyveri<\/li>\n<li>TFG dekker <strong>ikke<\/strong> vannskader og brukerfeil p\u00e5 maskinen<\/li>\n<\/ul>\n<p><strong>\u00a0<\/strong><\/p>\n<h3>Kriterier for at TFG skal gjelde:<\/h3>\n<ul>\n<li>L\u00f8sningen m\u00e5 v\u00e6re slik som r\u00e5dgiver har anbefalt og levert p\u00e5 skisse<\/li>\n<li>M\u00e5 f\u00f8lge anbefalt N3EVO maskintid pr. kvm som vist i N3smart<\/li>\n<li>M\u00e5 f\u00f8lge manualen i bruk og vedlikehold av N3EVO<\/li>\n<li>Frekvens p\u00e5 skift av poser og filtre<\/li>\n<li>Renholder har gjennomg\u00e5tt og best\u00e5tt E-kurs som gir sertifisering<\/li>\n<\/ul>\n<p><strong>\u00a0<\/strong><\/p>\n<h4>Sp\u00f8rsm\u00e5l og svar &#8211; Total funksjonsgaranti (TFG)<\/h4>\n<h3>1. Hva om bygget setter begrensninger som gj\u00f8r at det ikke er mulig \u00e5 f\u00e5 en tilstrekkelig l\u00f8sning p\u00e5 plass?<\/h3>\n<p><strong>Svar<\/strong>: Kunden f\u00e5r ikke TFG<\/p>\n<p>&nbsp;<\/p>\n<h3>2. Hva om det er bruksendring til annen type trafikk eller st\u00f8rre trafikk i perioden?<\/h3>\n<p><strong>Svar<\/strong>: Kunden mister TFG dersom l\u00f8sningen ikke endres til en tilstrekkelig l\u00f8sning.<\/p>\n<p>&nbsp;<\/p>\n<h3>3. Hva om kunden ikke har benyttet v\u00e5r teppebanker (N3EVO), men en annen type maskin eller renhold via 3. part\/byr\u00e5?<\/h3>\n<p><strong>Svar<\/strong>: Kunden mister TFG<\/p>\n<p>&nbsp;<\/p>\n<h3><span style=\"font-weight: normal !msorm;\">4. Hva om sensorikken ikke har fungert over en lengre periode?<\/span><\/h3>\n<p><strong>Svar<\/strong>: Kunden opprettholder TFG inntil 3 m\u00e5neder, s\u00e5 lenge kunden har gjort hva de kan for \u00e5 ha tilstrekkelig renhold av renholdssonen i perioden, og bruk av v\u00e5r teppebanker (N3EVO).<\/p>\n<p>&nbsp;<\/p>\n<h3><span style=\"font-weight: normal !msorm;\">5. Hva om kunden ikke har byttet forbruksartikler som poser, filtre og b\u00f8rstelister i henhold til manual?<\/span><\/h3>\n<p><strong>Svar:<\/strong> Kunden mister TFG, ref. sertifisering av renholder via N3Academy.<\/p>\n<p>&nbsp;<\/p>\n<h3>6. Hva om kunden har sin teppebanker inne p\u00e5 service eller funksjonsgaranti hos N3?<\/h3>\n<p><strong>Svar:<\/strong> Kunden opprettholder TFG, s\u00e5 lenge kunden har gjort hva de kan for \u00e5 ha tilstrekkelig renhold av sonen med bruk av andre maskiner i perioden, feks st\u00f8vsuger.<\/p>\n<p><strong>\u00a0<\/strong><\/p>\n<h3><span style=\"font-weight: normal !msorm;\">7. F\u00e5r kunden TFG ved oppgradering fra RS belegg til Renholdssoner?<\/span><\/h3>\n<p><strong>Svar:<\/strong> Ja, dersom r\u00e5dgiver har v\u00e6rt p\u00e5 befaring og sett at sonen er i god nok stand\/tatt vare p\u00e5.<\/p>\n<p>&nbsp;<\/p>\n<h3>8. Hvem st\u00e5r \u00f8konomisk ansvarlig dersom l\u00f8sningen ikke er god nok der det er solgt Renholdssoner pluss og innvilget Total funksjonsgaranti<span style=\"font-weight: normal !msorm;\">?<\/span><\/h3>\n<p><strong>Svar:<\/strong> Systemleverand\u00f8ren er ansvarlig, men dette forutsetter at R\u00e5giver ikke har opptr\u00e5dd uaktsomt eller uforsvarlig i forhold til utforming av tilstrekkelig l\u00f8sning, ref. punkt 10.<\/p>\n<p>&nbsp;<\/p>\n<h3><span style=\"font-weight: normal !msorm;\">9. F\u00e5r man TFG ved eventuelt videreleie av Renholdssoner pluss?<\/span><\/h3>\n<p><strong>Svar:<\/strong> Nei, det gis ikke TFG ved videreleie.<\/p>\n<p>&nbsp;<\/p>\n<h3>10. Hvor stor p\u00e5 en renholdssone v\u00e6re for at TFG skal v\u00e6re inkludert<span style=\"font-weight: normal !msorm;\">?<\/span><\/h3>\n<div>\n<p class=\"template-item\"><strong>Svar:<\/strong> TFG innvilges kun dersom det forekommer en minimum 2 trinns l\u00f8sning, og hvor antall skritt er minimum 12 skritt.<\/p>\n<\/div>\n<p>I en barnehage m\u00e5 renholdsonen dekke garderoben der hvor alle sko og kl\u00e6r oppbevares for at TFG skal gjelde.<\/p>\n<p>&nbsp;<\/p>\n<h3>11. Krever TFG at renholderen har gjennomg\u00e5tt og best\u00e5tt digitalt sertifiseringskurs for N3EVO teppebanker.<\/h3>\n<p>Kontakt oss gjerne for en prat p\u00e5 telefon 02131 eller e-post:\u00a0<a href=\"mailto:kundeservice@n3.no\">kundeservice@n3.no<\/a>[\/vc_toggle][vc_toggle title=&raquo;Produktdatablad&raquo; style=&raquo;round&raquo;]Last ned <a href=\"https:\/\/n3home.wpengine.com\/renholdssoner\/wp-content\/uploads\/sites\/5\/2021\/02\/Produktark_Renholdssoner-2021-2.pdf\">Produktark Renholdssoner<\/a>[\/vc_toggle][vc_toggle title=&raquo;Ofte stilte sp\u00f8rsm\u00e5l&raquo; style=&raquo;round&raquo; el_id=&raquo;faq&raquo;]<\/p>\n<h3><span style=\"font-weight: normal !msorm;\">Vegg-til-vegg-<\/span><span style=\"font-weight: normal !msorm;\">teppe? I en barnehage? Det m\u00e5 da v\u00e6re uhygienisk og i verste fall fremkalle allergi?<\/span><\/h3>\n<p>Renholdssoner er ikke et teppe, men et mattesystem med helt spesielle egenskaper som er utviklet for \u00e5 hindre mest mulig smuss og fuktighet fra \u00e5 komme inn i barnehagens oppholds- og lekeomr\u00e5der. Renholdssoner er utviklet i samarbeid med Norges Astma- og Allergiforbund siden 2008 og bidrar til \u00e5 \u00f8ke livskvaliteten til personer med luftveisplager.<\/p>\n<p><strong>\u00a0<\/strong><\/p>\n<h3>Samler det seg ikke mye bakterier og slikt i en slik l\u00f8sning?<\/h3>\n<p>Fordi produktet er helt syntetisk og omfatter et fullstendig renholdsprogram, har det aldri blitt p\u00e5vist oppblomstring av bakterieflora i Renholdssoner. Vi anbefaler likevel en utskifting av Renholdssoner etter maks fem \u00e5r.<\/p>\n<p><strong>\u00a0<\/strong><\/p>\n<h3>Vil det ikke begynne \u00e5 lukte etter hvert<span style=\"font-weight: normal !msorm;\">?<\/span><\/h3>\n<p>Vi har aldri f\u00e5tt tilbakemeldinger om problemer med \u00absur og v\u00e5t lukt\u00bb.<\/p>\n<p><strong>\u00a0<\/strong><\/p>\n<h3>D<span style=\"font-weight: normal !msorm;\">enne matten m\u00e5 da bli veldig v\u00e5t? <\/span>B<span style=\"font-weight: normal !msorm;\">arn<\/span>et mitt<span style=\"font-weight: normal !msorm;\"> kommer til \u00e5 bli v\u00e5t p\u00e5 bena<\/span><span style=\"font-weight: normal !msorm;\">\u2026<\/span><\/h3>\n<p>Renholdssonen blir ikke bl\u00f8t p\u00e5 samme m\u00e5te som en \u00abvanlig\u00bb matte blir. Dette skyldes luven\/garnet i matten, som er laget av polyamid. Polyamid er det samme som nylon og trekker ikke til seg fukt p\u00e5 samme m\u00e5te som for eksempel bomullsfiber.<\/p>\n<p>Se for deg at du stikker et nylonsn\u00f8re ned i et glass vann. N\u00e5r du trekker sn\u00f8ret opp av glasset igjen, er det ikke mye vann som blir med. P\u00e5 samme m\u00e5te blir det aller meste av fukten som blir tilf\u00f8rt renholdssonen, liggende nede i gummibelegget. Dette gj\u00f8r at barn kan g\u00e5 i sokkelesten over en fuktig renholdssone uten \u00e5 bli bl\u00f8te p\u00e5 bena. Dette er fordi barn er relativt lette og ikke klarer \u00e5 presse fots\u00e5len ned i fukten som ligger i bunnen av matten.<\/p>\n<p><strong>\u00a0<\/strong><\/p>\n<h3><span style=\"font-weight: normal !msorm;\">Hva med fuktigheten? Blir den liggende? M\u00e5 vi anskaffe vannsuger?<\/span><\/h3>\n<p>Polyamidtr\u00e5den trekker ikke til seg fuktighet slik som bomullstr\u00e5den, men er slik at den slipper sv\u00e6rt raskt p\u00e5 fuktigheten ved romtemperatur. Dette er ikke noe problem.<\/p>\n<p>&nbsp;<\/p>\n<h3><span style=\"font-weight: normal !msorm;\">Hvor blir det av fuktigheten?<\/span><\/h3>\n<p>Det aller meste fordamper i l\u00f8pet av ettermiddagen, kvelden og natten. Om det i tillegg er varmekabler i gulvet, er det bare en fordel fordi det vil bidra til at fordampingen skjer raskere.<\/p>\n<p><strong>\u00a0<\/strong><\/p>\n<h3><span style=\"font-weight: normal !msorm;\">Hva <\/span><span style=\"font-weight: normal !msorm;\">hvis<\/span> det grises i renholdssonen<span style=\"font-weight: normal !msorm;\">?<\/span><\/h3>\n<p>Dette fjernes p\u00e5 vanlig m\u00e5te med det du bruker av renholdsmidler og kluter p\u00e5 blanke gulv. <a href=\"https:\/\/n3zonesgroup.no\/renholdssoner\/wp-content\/uploads\/sites\/5\/2021\/03\/2023-MANUAL-FOR-RENHOLDSSONER-N3-EVO_for-web.pdf\">Se brukermanual<\/a><\/p>\n<p><strong>\u00a0<\/strong><\/p>\n<h3><span style=\"font-weight: normal !msorm;\">Hva med salt og sand?<\/span><\/h3>\n<p>Enkelt forklart er det slik at det v\u00e5te fordamper og det t\u00f8rre legger seg i bunnen av renholdssonen, og er lett \u00e5 fjerne med maskinen som f\u00f8lger med systemet. <a href=\"https:\/\/n3zonesgroup.no\/renholdssoner\/wp-content\/uploads\/sites\/5\/2021\/03\/2023-MANUAL-FOR-RENHOLDSSONER-N3-EVO_for-web.pdf\">Se brukermanual<\/a><\/p>\n<p><strong>\u00a0<\/strong><\/p>\n<h3>Hva er en renholdssone maskin<span style=\"font-weight: normal !msorm;\">?<\/span><\/h3>\n<p>Dette er en teppebanker som er en kraftig st\u00f8vsuger, med dobbel vakuum-motor og kraftig b\u00f8rste-munnstykke med egen motor, som har som form\u00e5l \u00e5 g\u00e5 lenger ned (banke) i luven for \u00e5 fange opp mer skitt og smuss. Det er gjort mange tester for \u00e5 sammenligne effekten til vanlige st\u00f8vsugere og teppebankere, og alle testene viser at teppebankerne er opptil 70\u00a0% mer effektive, med samme mengde utslipp. Teppebankere er ogs\u00e5 mer robuste og t\u00e5ler mer st\u00f8v, sand og skitt.<\/p>\n<p><a href=\"https:\/\/n3zonesgroup.no\/renholdssoner\/wp-content\/uploads\/sites\/5\/2021\/03\/2023-MANUAL-FOR-RENHOLDSSONER-N3-EVO_for-web.pdf\">Se brukermanual<\/a> for bruk og vedlikehold.<\/p>\n<p><strong>\u00a0<\/strong><\/p>\n<h3>Kan vi installer Renholdssoner<span style=\"font-weight: normal !msorm;\"> n\u00e5r <\/span><span style=\"font-weight: normal !msorm;\">vi ha<\/span><span style=\"font-weight: normal !msorm;\">r varmekabler?<\/span><\/h3>\n<p>Det er veldig fint med varmekabler, for da fordamper fuktigheten raskere. Renholdssonen t\u00e5ler varmekabler i gulvet!<\/p>\n<p><strong>\u00a0<\/strong><\/p>\n<h3>Er det mulig \u00e5 f\u00e5 teste Renholdssoner<span style=\"font-weight: normal !msorm;\">? <\/span><\/h3>\n<p>Ta gjerne kontakt med oss for en prat (<a href=\"https:\/\/n3zonesgroup.no\/renholdssoner\/hvem-er-vi\/vare-avdelinger\/\">se oversikt over v\u00e5re avdelinger<\/a>). Du kan ogs\u00e5 kontakte kundeservice p\u00e5:<\/p>\n<p>telefon 02131 eller e-post:\u00a0<a href=\"mailto:kundeservice@n3.no\">kundeservice@n3.no<\/a>.[\/vc_toggle][vc_toggle title=&raquo;Tester og dokumentasjon&raquo; style=&raquo;round&raquo;]<\/p>\n<h3>Analyserapporter fra st\u00f8vdekketesting<\/h3>\n<p><a href=\"https:\/\/n3zonesgroup.no\/renholdssoner\/wp-content\/uploads\/sites\/5\/2020\/05\/Sotra-vgs.pdf\">Sotra vgs<\/a><\/p>\n<p><a href=\"https:\/\/n3zonesgroup.no\/renholdssoner\/wp-content\/uploads\/sites\/5\/2020\/05\/Loh\u00f8gda-bhg.pdf\">Loh\u00f8gda bhg<\/a><\/p>\n<p><a href=\"https:\/\/n3zonesgroup.no\/renholdssoner\/wp-content\/uploads\/sites\/5\/2020\/05\/Bingsfoss-ungdomsskole.pdf\">Bingsfoss ungdomsskole<\/a>[\/vc_toggle][vc_empty_space height=&raquo;50&#8243;][\/vc_column][\/vc_row][vc_row el_class=&raquo;form&raquo;][vc_column][vc_row_inner el_class=&raquo;container&raquo;][vc_column_inner]\n<div class=\"wpcf7 no-js\" id=\"wpcf7-f178-o1\" lang=\"nb-NO\" dir=\"ltr\">\n<div class=\"screen-reader-response\"><p role=\"status\" aria-live=\"polite\" aria-atomic=\"true\"><\/p> <ul><\/ul><\/div>\n<form action=\"\/renholdssoner\/wp-json\/wp\/v2\/pages\/823#wpcf7-f178-o1\" method=\"post\" class=\"wpcf7-form init\" aria-label=\"Kontaktskjema\" novalidate=\"novalidate\" data-status=\"init\">\n<div style=\"display: none;\">\n<input type=\"hidden\" name=\"_wpcf7\" value=\"178\" \/>\n<input type=\"hidden\" name=\"_wpcf7_version\" value=\"5.8\" \/>\n<input type=\"hidden\" name=\"_wpcf7_locale\" value=\"nb_NO\" \/>\n<input type=\"hidden\" name=\"_wpcf7_unit_tag\" value=\"wpcf7-f178-o1\" \/>\n<input type=\"hidden\" name=\"_wpcf7_container_post\" value=\"0\" \/>\n<input type=\"hidden\" name=\"_wpcf7_posted_data_hash\" value=\"\" \/>\n<input type=\"hidden\" name=\"_wpcf7_recaptcha_response\" value=\"\" \/>\n<\/div>\n<h2>Kontakt oss\n<\/h2>\n<div class=\"row\">\n\t<div class=\"col-md-6  form-group\">\n\t\t<p><span class=\"wpcf7-form-control-wrap\" data-name=\"navn\"><input size=\"40\" class=\"wpcf7-form-control wpcf7-text wpcf7-validates-as-required\" aria-required=\"true\" aria-invalid=\"false\" placeholder=\"Navn*\" value=\"\" type=\"text\" name=\"navn\" \/><\/span>\n\t\t<\/p>\n\t<\/div>\n\t<div class=\"col-md-6 form-group\">\n\t\t<p><span class=\"wpcf7-form-control-wrap\" data-name=\"telefon\"><input size=\"40\" class=\"wpcf7-form-control wpcf7-text wpcf7-validates-as-required\" aria-required=\"true\" aria-invalid=\"false\" placeholder=\"Telefon*\" value=\"\" type=\"text\" name=\"telefon\" \/><\/span>\n\t\t<\/p>\n\t<\/div>\n\t<div class=\"col-md-6  form-group\">\n\t\t<p><span class=\"wpcf7-form-control-wrap\" data-name=\"epost\"><input size=\"40\" class=\"wpcf7-form-control wpcf7-email wpcf7-validates-as-required wpcf7-text wpcf7-validates-as-email\" aria-required=\"true\" aria-invalid=\"false\" placeholder=\"E-post*\" value=\"\" type=\"email\" name=\"epost\" \/><\/span>\n\t\t<\/p>\n\t<\/div>\n\t<div class=\"col-md-6 form-group\">\n\t\t<p><span class=\"wpcf7-form-control-wrap\" data-name=\"Firma\"><input size=\"40\" class=\"wpcf7-form-control wpcf7-text wpcf7-validates-as-required\" aria-required=\"true\" aria-invalid=\"false\" placeholder=\"Firma*\" value=\"\" type=\"text\" name=\"Firma\" \/><\/span>\n\t\t<\/p>\n\t<\/div>\n\t<div class=\"col-md-12 form-group\">\n\t\t<p><span class=\"wpcf7-form-control-wrap\" data-name=\"melding\"><textarea cols=\"40\" rows=\"10\" class=\"wpcf7-form-control wpcf7-textarea\" aria-invalid=\"false\" placeholder=\"Hva kan vi hjelpe deg med?*\" name=\"melding\"><\/textarea><\/span>\n\t\t<\/p>\n\t<\/div>\n\t<div class=\"col-md-10 form-group\">\n\t\t<p><span class=\"wpcf7-form-control-wrap\" data-name=\"nyhetsbrev\"><span class=\"wpcf7-form-control wpcf7-checkbox\"><span class=\"wpcf7-list-item first last\"><input type=\"checkbox\" name=\"nyhetsbrev[]\" value=\"Jeg \u00f8nsker \u00e5 motta nyhetsbrev fra N3.\" \/><span class=\"wpcf7-list-item-label\">Jeg \u00f8nsker \u00e5 motta nyhetsbrev fra N3.<\/span><\/span><\/span><\/span>\n\t\t<\/p>\n\t<\/div>\n\t<div class=\"col-md-2 form-group\">\n\t\t<p><button class=\"button\" type=\"submit\">Send inn <\/button>\n\t\t<\/p>\n\t<\/div>\n<\/div><div class=\"wpcf7-response-output\" aria-hidden=\"true\"><\/div>\n<\/form>\n<\/div>\n[\/vc_column_inner][\/vc_row_inner][\/vc_column][\/vc_row]<\/p>\n","protected":false},"excerpt":{"rendered":"<p>[vc_row el_class=&raquo;smallcontainer&raquo;][vc_column][vc_column_text] Kundeservice Som kunde hos oss er det du som er i fokus.\u00a0M\u00e5let v\u00e5rt er at du skal oppleve kvalitet i [&hellip;]<\/p>\n","protected":false},"author":1,"featured_media":0,"parent":0,"menu_order":14,"comment_status":"closed","ping_status":"closed","template":"ingen-header.php","meta":{"_crosspost_to_1":false,"_crosspost_to_15":false,"footnotes":""},"class_list":["post-823","page","type-page","status-publish","hentry"],"acf":[],"_links":{"self":[{"href":"https:\/\/n3.no\/renholdssoner\/wp-json\/wp\/v2\/pages\/823","targetHints":{"allow":["GET"]}}],"collection":[{"href":"https:\/\/n3.no\/renholdssoner\/wp-json\/wp\/v2\/pages"}],"about":[{"href":"https:\/\/n3.no\/renholdssoner\/wp-json\/wp\/v2\/types\/page"}],"author":[{"embeddable":true,"href":"https:\/\/n3.no\/renholdssoner\/wp-json\/wp\/v2\/users\/1"}],"replies":[{"embeddable":true,"href":"https:\/\/n3.no\/renholdssoner\/wp-json\/wp\/v2\/comments?post=823"}],"version-history":[{"count":0,"href":"https:\/\/n3.no\/renholdssoner\/wp-json\/wp\/v2\/pages\/823\/revisions"}],"wp:attachment":[{"href":"https:\/\/n3.no\/renholdssoner\/wp-json\/wp\/v2\/media?parent=823"}],"curies":[{"name":"wp","href":"https:\/\/api.w.org\/{rel}","templated":true}]}}