{"id":891,"date":"2017-05-10T22:15:26","date_gmt":"2017-05-10T20:15:26","guid":{"rendered":"http:\/\/168920-www.web.tornado-node.net\/renholdssoner\/hva-gjor-vi\/behovsanalyse-3\/"},"modified":"2020-12-17T15:59:47","modified_gmt":"2020-12-17T14:59:47","slug":"oppfolging-og-kundeservice","status":"publish","type":"page","link":"https:\/\/n3.no\/renholdssoner\/hva-gjor-vi\/oppfolging-og-kundeservice\/","title":{"rendered":"Oppf\u00f8lging og kundeservice"},"content":{"rendered":"<p>[vc_row el_class=&raquo;smallcontainer&raquo;][vc_column][vc_column_text el_class=&raquo;smallcontainer knapp&raquo;]<\/p>\n<h1 style=\"text-align: center;\">Oppf\u00f8lging og kundeservice<\/h1>\n<h4>Vi vil f\u00f8lge deg opp med jevne mellomrom gjennom hele leieperioden, og du har mulighet til \u00e5 gi dine tilbakemeldinger gjennom kundeunders\u00f8kelser, e-post, kontaktskjema eller telefon. Kontaktopplysningene finner du p\u00e5 www.n3.no<\/h4>\n<p>[\/vc_column_text][vc_empty_space height=&raquo;100&#8243;][\/vc_column][\/vc_row][vc_row css=&raquo;.vc_custom_1590571425180{padding-bottom: 70px !important;background-image: url(https:\/\/n3zonesgroup.no\/renholdssoner\/wp-content\/uploads\/sites\/5\/2017\/05\/Skole_2.jpg?id=961) !important;background-position: center !important;background-repeat: no-repeat !important;background-size: cover !important;}&raquo;][vc_column][vc_row_inner el_class=&raquo;container form bildeskjema&raquo;][vc_column_inner]\n<div class=\"wpcf7 no-js\" id=\"wpcf7-f178-o1\" lang=\"nb-NO\" dir=\"ltr\">\n<div class=\"screen-reader-response\"><p role=\"status\" aria-live=\"polite\" aria-atomic=\"true\"><\/p> <ul><\/ul><\/div>\n<form action=\"\/renholdssoner\/wp-json\/wp\/v2\/pages\/891#wpcf7-f178-o1\" method=\"post\" class=\"wpcf7-form init\" aria-label=\"Kontaktskjema\" novalidate=\"novalidate\" data-status=\"init\">\n<div style=\"display: none;\">\n<input type=\"hidden\" name=\"_wpcf7\" value=\"178\" \/>\n<input type=\"hidden\" name=\"_wpcf7_version\" value=\"5.8\" \/>\n<input type=\"hidden\" name=\"_wpcf7_locale\" value=\"nb_NO\" \/>\n<input type=\"hidden\" name=\"_wpcf7_unit_tag\" value=\"wpcf7-f178-o1\" \/>\n<input type=\"hidden\" name=\"_wpcf7_container_post\" value=\"0\" \/>\n<input type=\"hidden\" name=\"_wpcf7_posted_data_hash\" value=\"\" \/>\n<input type=\"hidden\" name=\"_wpcf7_recaptcha_response\" value=\"\" \/>\n<\/div>\n<h2>Kontakt oss\n<\/h2>\n<div class=\"row\">\n\t<div class=\"col-md-6  form-group\">\n\t\t<p><span class=\"wpcf7-form-control-wrap\" data-name=\"navn\"><input size=\"40\" class=\"wpcf7-form-control wpcf7-text wpcf7-validates-as-required\" aria-required=\"true\" aria-invalid=\"false\" placeholder=\"Navn*\" value=\"\" type=\"text\" name=\"navn\" \/><\/span>\n\t\t<\/p>\n\t<\/div>\n\t<div class=\"col-md-6 form-group\">\n\t\t<p><span class=\"wpcf7-form-control-wrap\" data-name=\"telefon\"><input size=\"40\" class=\"wpcf7-form-control wpcf7-text wpcf7-validates-as-required\" aria-required=\"true\" aria-invalid=\"false\" placeholder=\"Telefon*\" value=\"\" type=\"text\" name=\"telefon\" \/><\/span>\n\t\t<\/p>\n\t<\/div>\n\t<div class=\"col-md-6  form-group\">\n\t\t<p><span class=\"wpcf7-form-control-wrap\" data-name=\"epost\"><input size=\"40\" class=\"wpcf7-form-control wpcf7-email wpcf7-validates-as-required wpcf7-text wpcf7-validates-as-email\" aria-required=\"true\" aria-invalid=\"false\" placeholder=\"E-post*\" value=\"\" type=\"email\" name=\"epost\" \/><\/span>\n\t\t<\/p>\n\t<\/div>\n\t<div class=\"col-md-6 form-group\">\n\t\t<p><span class=\"wpcf7-form-control-wrap\" data-name=\"Firma\"><input size=\"40\" class=\"wpcf7-form-control wpcf7-text wpcf7-validates-as-required\" aria-required=\"true\" aria-invalid=\"false\" placeholder=\"Firma*\" value=\"\" type=\"text\" name=\"Firma\" \/><\/span>\n\t\t<\/p>\n\t<\/div>\n\t<div class=\"col-md-12 form-group\">\n\t\t<p><span class=\"wpcf7-form-control-wrap\" data-name=\"melding\"><textarea cols=\"40\" rows=\"10\" class=\"wpcf7-form-control wpcf7-textarea\" aria-invalid=\"false\" placeholder=\"Hva kan vi hjelpe deg med?*\" name=\"melding\"><\/textarea><\/span>\n\t\t<\/p>\n\t<\/div>\n\t<div class=\"col-md-10 form-group\">\n\t\t<p><span class=\"wpcf7-form-control-wrap\" data-name=\"nyhetsbrev\"><span class=\"wpcf7-form-control wpcf7-checkbox\"><span class=\"wpcf7-list-item first last\"><input type=\"checkbox\" name=\"nyhetsbrev[]\" value=\"Jeg \u00f8nsker \u00e5 motta nyhetsbrev fra N3.\" \/><span class=\"wpcf7-list-item-label\">Jeg \u00f8nsker \u00e5 motta nyhetsbrev fra N3.<\/span><\/span><\/span><\/span>\n\t\t<\/p>\n\t<\/div>\n\t<div class=\"col-md-2 form-group\">\n\t\t<p><button class=\"button\" type=\"submit\">Send inn <\/button>\n\t\t<\/p>\n\t<\/div>\n<\/div><div class=\"wpcf7-response-output\" aria-hidden=\"true\"><\/div>\n<\/form>\n<\/div>\n[\/vc_column_inner][\/vc_row_inner][\/vc_column][\/vc_row]<\/p>\n","protected":false},"excerpt":{"rendered":"<p>[vc_row el_class=&raquo;smallcontainer&raquo;][vc_column][vc_column_text el_class=&raquo;smallcontainer knapp&raquo;] Oppf\u00f8lging og kundeservice Vi vil f\u00f8lge deg opp med jevne mellomrom gjennom hele leieperioden, og du har mulighet [&hellip;]<\/p>\n","protected":false},"author":1,"featured_media":0,"parent":214,"menu_order":1,"comment_status":"closed","ping_status":"closed","template":"ingen-header.php","meta":{"_crosspost_to_1":false,"_crosspost_to_15":false,"footnotes":""},"class_list":["post-891","page","type-page","status-publish","hentry"],"acf":[],"_links":{"self":[{"href":"https:\/\/n3.no\/renholdssoner\/wp-json\/wp\/v2\/pages\/891","targetHints":{"allow":["GET"]}}],"collection":[{"href":"https:\/\/n3.no\/renholdssoner\/wp-json\/wp\/v2\/pages"}],"about":[{"href":"https:\/\/n3.no\/renholdssoner\/wp-json\/wp\/v2\/types\/page"}],"author":[{"embeddable":true,"href":"https:\/\/n3.no\/renholdssoner\/wp-json\/wp\/v2\/users\/1"}],"replies":[{"embeddable":true,"href":"https:\/\/n3.no\/renholdssoner\/wp-json\/wp\/v2\/comments?post=891"}],"version-history":[{"count":0,"href":"https:\/\/n3.no\/renholdssoner\/wp-json\/wp\/v2\/pages\/891\/revisions"}],"up":[{"embeddable":true,"href":"https:\/\/n3.no\/renholdssoner\/wp-json\/wp\/v2\/pages\/214"}],"wp:attachment":[{"href":"https:\/\/n3.no\/renholdssoner\/wp-json\/wp\/v2\/media?parent=891"}],"curies":[{"name":"wp","href":"https:\/\/api.w.org\/{rel}","templated":true}]}}