{"id":924,"date":"2017-05-11T02:43:48","date_gmt":"2017-05-11T00:43:48","guid":{"rendered":"http:\/\/168920-www.web.tornado-node.net\/renholdssoner\/?page_id=924"},"modified":"2022-05-18T08:26:26","modified_gmt":"2022-05-18T06:26:26","slug":"entrelosninger","status":"publish","type":"page","link":"https:\/\/n3.no\/renholdssoner\/hva-gjor-vi\/entrelosninger\/","title":{"rendered":"Entrel\u00f8sningen Renholdssoner"},"content":{"rendered":"<p>[vc_row el_class=&raquo;smallcontainer&raquo;][vc_column][vc_column_text]<\/p>\n<h1 style=\"text-align: center;\">Hva er Renholdssoner?<\/h1>\n<h4>Renholdssoner er et mattesystem som stopper, begrenser og fjerner smuss og fuktighet, og best\u00e5r av elementer som til sammen gir kunden en helhetlig og enkel l\u00f8sning. Renholdssoner holder hva den lover &#8211; \u00e5r etter \u00e5r, i all slags v\u00e6r.<\/h4>\n<p>&nbsp;<\/p>\n<h3>Beskrivelse av Renholdssoner systemet &#8211; utviklet i samarbeid med Norges Astma- og Allergiforbund<\/h3>\n<p>Norges Astma- og Allergiforbund har v\u00e6rt og er en sentral partner i utviklingen av Renholdssoner. Dette har medf\u00f8rt at fra januar 2020 har NAAF satt sitt kvalitetsstempel \u00abUtviklet i samarbeid med Norges Astma- og Allergiforbund\u00bb p\u00e5 Renholdssoner systemet. Renholdssoner ble anbefalt av NAAF for f\u00f8rste gang i 2008 og etter det har tusenvis av barnehager, skoler og helsebygg i hele Norge og Sverige f\u00e5tt et bedre inneklima. Effekten ved bruk av Renholdssoner er meget godt dokumentert gjennom flere st\u00f8vdekke tester de siste 15 \u00e5rene.<\/p>\n<p>&nbsp;<\/p>\n<h3>R\u00e5dgiver lager en behovsanalyse og utf\u00f8rer en befaring<\/h3>\n<p>F\u00f8r vi gir et tilbud p\u00e5 Renholdssoner, begynner vi alltid med \u00e5 foreta en behovsanalyse. P\u00e5 den m\u00e5ten f\u00e5r vi innhentet mest mulig informasjon p\u00e5 forh\u00e5nd, slik at vi er sikre p\u00e5 at vi kan tilby den beste l\u00f8sningen til det bestemte bygget.<span class=\"Apple-converted-space\">\u00a0<\/span><\/p>\n<p>N\u00e5r behovsanalysen er klar, avtaler vi gjerne m\u00f8te for \u00e5 avdekke ytterligere behov og se n\u00e6rmere p\u00e5 hva kunden har \u00e5 vinne p\u00e5 \u00e5 installere Renholdssoner. Vi benytter oss av unike verkt\u00f8y og dokumentasjon som er utviklet i samarbeid med brukere av systemet. Vi kan dokumentere forventet reduksjon i st\u00f8vdekkegrad, \u00a0\u00f8kt effektivitet og \u00f8konomiske gevinster. Samtidig utf\u00f8rer vi en befaring. Vi bruker god tid, har en systematisk gjennomgang og bruker all v\u00e5r kompetanse for \u00e5 utforme den optimale l\u00f8sningen for hver enkelt inngang. Renholdssoner skal oppfylle kravene til Norges Astma- og Allergiforbund (NAAF) hver gang.<span class=\"Apple-converted-space\">\u00a0<\/span><\/p>\n<p>Vi har en befaringssjekkliste som v\u00e5r lokale r\u00e5dgiver g\u00e5r gjennom og fyller ut etter hvert, og vi utarbeider en digital skisse i v\u00e5rt digitale tegningsverkt\u00f8y p\u00e5 l\u00f8sningen vi foresl\u00e5r. Skissen er en del av l\u00f8sningen og er \u00e5 anse som N3zones AS sin eiendom inntil tilbudet aksepteres.<\/p>\n<p>&nbsp;<\/p>\n<h3>Prosjektering, koordinering og installasjon<\/h3>\n<div>\n<p>N\u00e5r tilbudet er akseptert, starter koordinering og prosjektering for \u00e5 sikre en plettfri skreddersydd installasjon etter godkjent skisse. V\u00e5r kundeservice koordinerer installasjonen med riktig kontaktperson og v\u00e5r sertifiserte gulvlegger. N\u00e5r alt er avtalt, sender vi en skriftlig bekreftelse til kunden p\u00e5 e-post.<span class=\"Apple-converted-space\">\u00a0<\/span><\/p>\n<p>Alle v\u00e5re installat\u00f8rer har gjennomg\u00e5tt og gjennomg\u00e5r v\u00e5rt \u00e5rlige sertifiseringskurs og har best\u00e5tt kurset.<span class=\"Apple-converted-space\">\u00a0<\/span><\/p>\n<p><strong>Vedlikeholdssystemet<\/strong><span class=\"Apple-converted-space\">\u00a0<\/span><\/p>\n<p>Inkludert er et komplett vedlikeholdssystem som er skreddersydd for den daglige rengj\u00f8ringen av renholdssonen. Systemet best\u00e5r av en N3EVO teppebanker maskin med b\u00f8rster, hepa filter, poser og annet tilbeh\u00f8r. I tillegg f\u00f8lger det med internkontrollskjemaer og etiketter for \u00e5 styre og kontrollere bruken av maskinen. Fullstendig brukermanual og smartinstruksjoner (korte filmer) ligger p\u00e5 v\u00e5re nettsider under kundeservice og er ogs\u00e5 tilgjengelig gjennom CleanPilot. Kunden kan selv velge \u00e5 ha med en funksjonsgaranti slik at driften sikres gjennom hele leieperioden.<span class=\"Apple-converted-space\">\u00a0<\/span><\/p>\n<p><strong>Oppl\u00e6ring av renholdspersonell<\/strong><span class=\"Apple-converted-space\">\u00a0<\/span><\/p>\n<p>I forbindelse med installasjonen s\u00f8rger vi for oppl\u00e6ring av renholdspersonellet som skal ha ansvaret for vedlikeholdet av renholdssonene. Oppl\u00e6ringen blir koordinert av v\u00e5r kundeservice.<\/p>\n<p>&nbsp;<\/p>\n<h3><strong>N3smart &#8211; Digitalt IoT driftssystem for fastmonterte matter<\/strong> <span class=\"Apple-converted-space\">\u00a0<\/span><\/h3>\n<p>N3smart er et digetalt driftsystem som sikrer drift og renhold av renholdssonene og gir f\u00f8lgende informasjon:<\/p>\n<ul>\n<li>Renhold utf\u00f8rt og driftstid p\u00e5 hver renholdssone<span class=\"Apple-converted-space\">\u00a0<\/span><\/li>\n<li>Portal som viser lokasjon av bygget og renholdssonene i bygget<span class=\"Apple-converted-space\">\u00a0<\/span><\/li>\n<li>Varsler til leder\/ renholdere om renholdssonen trenger ettersyn og renhold.<span class=\"Apple-converted-space\">\u00a0<\/span><\/li>\n<li>Funksjonsgaranti p\u00e5 teppebanker som sikrer bytte av maskin om driftsstans skulle oppst\u00e5<span class=\"Apple-converted-space\">\u00a0<\/span><\/li>\n<\/ul>\n<p>Les mer om N3smart <a href=\"https:\/\/n3zonesgroup.no\/renholdssoner\/n3smart\/\">her<\/a><\/p>\n<p>&nbsp;<\/p>\n<\/div>\n<h3>R\u00e5dgivning innenfor renhold, \u00f8konomi, helse, sikkerhet, estikk og milj\u00f8<\/h3>\n<div>\n<p>N\u00e5r smuss blir forhindret fra \u00e5 komme inn i et bygg, blir det naturlig nok mindre skitt, fuktighet og st\u00f8v i bygget. Dermed blir det mulig \u00e5 gj\u00f8re renholdet mer effektivt og optimalisere renholdskostnadene. V\u00e5re kunder opplever i mange tilfeller store \u00f8konomiske innsparinger. I de fleste tilfeller vil kvaliteten p\u00e5 renholdet og dermed innemilj\u00f8et oppleves som bedre etter installasjon av Renholdssoner.<span class=\"Apple-converted-space\">\u00a0<\/span><\/p>\n<p>Ved hjelp av v\u00e5re unike verkt\u00f8y kan vi sammenligne renholdskostnadene f\u00f8r og etter installasjon av Renholdssoner. En stund etter installasjonen avtaler vi et statusm\u00f8te. Der g\u00e5r vi gjennom i hvilken grad kunden opplever at forventningene har blitt innfridd, og hvilke tiltak som kan igangsettes for \u00e5 hente ut st\u00f8rst mulig gevinster innenfor mange omr\u00e5der for HSK.<span class=\"Apple-converted-space\">\u00a0<\/span><\/p>\n<p>Dette vil v\u00e5r r\u00e5dgiver v\u00e6re behjelpelig med \u00e5 sikre. Tiltakene vil gi verdi gjennom hele leieperioden. Lang erfaring gj\u00f8r at denne metoden vil gi den som bestiller innsikt og kompetanse i \u00f8konomiske besparelser.<\/p>\n<p>&nbsp;<\/p>\n<h3>Kj\u00f8p eller leie?<\/h3>\n<\/div>\n<div>\n<p>Renholdssoner er et operasjonelt leieprodukt. N\u00e5r man leier er m\u00e5nedsprisen forutsigbar i hele leieperioden.<span class=\"Apple-converted-space\">\u00a0<\/span><\/p>\n<p><strong>Hva betyr operasjonell leie?<\/strong> Med dette menes at leieavtalen har en bestemt start- og sluttdato. Tre m\u00e5neder f\u00f8r avtalens slutt og renholdssonen skal fjernes, blir kunden kontaktet for \u00e5 g\u00e5 gjennom et forslag til en ny avtale om nye renholdssoner. Det kan p\u00e5l\u00f8pe kostnader i de tilfellene der leieavtalen ikke reforhandles.<span class=\"Apple-converted-space\">\u00a0 <\/span>Renholdssoner kan ogs\u00e5 kj\u00f8pes.<span class=\"Apple-converted-space\">\u00a0<\/span><\/p>\n<p><strong>Oppf\u00f8lging og kundeservice<\/strong><\/p>\n<p>Kunden<span class=\"Apple-converted-space\">\u00a0 <\/span>f\u00f8lges opp med jevne mellomrom gjennom hele leieperioden av v\u00e5r kundeservice. Kunden vil ogs\u00e5 ha mulighet til \u00e5 gi tilbakemeldinger gjennom sp\u00f8rreunders\u00f8keler, nettsider, e-post, kontaktskjema, telefon eller direkte til den lokale r\u00e5dgiver.<\/p>\n<\/div>\n<p>&nbsp;<\/p>\n<h3>Garantier<\/h3>\n<div>\n<div>\n<p><strong>Funksjonsgarantien p\u00e5 N3EVO teppebanker maskinen dekker f\u00f8lgende i leieperioden:<\/strong><span class=\"Apple-converted-space\">\u00a0<\/span><\/p>\n<ul>\n<li>Ny eller reparert maskin innen to arbeidsdager fra N3zones AS mottar den defekte maskinen<\/li>\n<li>Frakt til og fra brukerstedet<\/li>\n<li>Utbedring av skader og mangler som ikke er brukerfeil<\/li>\n<li>Arbeid inkludert deler<\/li>\n<li>Funksjonsgarantien dekker ikke vannskader.<\/li>\n<\/ul>\n<p><strong>Garanti p\u00e5 selve renholdssone belegget<\/strong><\/p>\n<p>Vi forsikrer hver enkelt renholdssone. Det betyr at du f\u00e5r en totalgaranti som dekker f\u00f8lgende i leieperioden:<\/p>\n<ul>\n<li>Brann<\/li>\n<li>H\u00e6rverk<\/li>\n<li>Tyveri<span class=\"Apple-converted-space\">\u00a0<\/span><\/li>\n<\/ul>\n<\/div>\n<div><\/div>\n<\/div>\n<p>[\/vc_column_text][\/vc_column][\/vc_row][vc_row css=&raquo;.vc_custom_1590498792339{padding-bottom: 70px !important;background-image: url(https:\/\/n3zonesgroup.no\/renholdssoner\/wp-content\/uploads\/sites\/5\/2017\/05\/Skole_2.jpg?id=961) !important;background-position: center !important;background-repeat: no-repeat !important;background-size: cover !important;}&raquo;][vc_column][\/vc_column][\/vc_row]<\/p>\n","protected":false},"excerpt":{"rendered":"<p>[vc_row el_class=&raquo;smallcontainer&raquo;][vc_column][vc_column_text] Hva er Renholdssoner? Renholdssoner er et mattesystem som stopper, begrenser og fjerner smuss og fuktighet, og best\u00e5r av elementer som [&hellip;]<\/p>\n","protected":false},"author":1,"featured_media":0,"parent":214,"menu_order":2,"comment_status":"closed","ping_status":"closed","template":"ingen-header.php","meta":{"_crosspost_to_1":false,"_crosspost_to_15":false,"footnotes":""},"class_list":["post-924","page","type-page","status-publish","hentry"],"acf":[],"_links":{"self":[{"href":"https:\/\/n3.no\/renholdssoner\/wp-json\/wp\/v2\/pages\/924","targetHints":{"allow":["GET"]}}],"collection":[{"href":"https:\/\/n3.no\/renholdssoner\/wp-json\/wp\/v2\/pages"}],"about":[{"href":"https:\/\/n3.no\/renholdssoner\/wp-json\/wp\/v2\/types\/page"}],"author":[{"embeddable":true,"href":"https:\/\/n3.no\/renholdssoner\/wp-json\/wp\/v2\/users\/1"}],"replies":[{"embeddable":true,"href":"https:\/\/n3.no\/renholdssoner\/wp-json\/wp\/v2\/comments?post=924"}],"version-history":[{"count":0,"href":"https:\/\/n3.no\/renholdssoner\/wp-json\/wp\/v2\/pages\/924\/revisions"}],"up":[{"embeddable":true,"href":"https:\/\/n3.no\/renholdssoner\/wp-json\/wp\/v2\/pages\/214"}],"wp:attachment":[{"href":"https:\/\/n3.no\/renholdssoner\/wp-json\/wp\/v2\/media?parent=924"}],"curies":[{"name":"wp","href":"https:\/\/api.w.org\/{rel}","templated":true}]}}